{"id":7211,"date":"2025-12-15T15:58:39","date_gmt":"2025-12-15T18:58:39","guid":{"rendered":"https:\/\/boutiquerubifenix.com.br\/index.php\/produto\/filtro-de-cafe-de-aco-inoxidavel-800-malha-gotejador-de-cafe-com-suporte\/"},"modified":"2025-12-15T15:58:52","modified_gmt":"2025-12-15T18:58:52","slug":"filtro-de-cafe-de-aco-inoxidavel-800-malha-gotejador-de-cafe-com-suporte","status":"publish","type":"product","link":"https:\/\/boutiquerubifenix.com.br\/index.php\/produto\/filtro-de-cafe-de-aco-inoxidavel-800-malha-gotejador-de-cafe-com-suporte\/","title":{"rendered":"Filtro de caf\u00e9 de a\u00e7o inoxid\u00e1vel 800 malha gotejador de caf\u00e9 com suporte"},"content":{"rendered":"<h1>SPECIFICATIONS<\/h1>\n<p><\/br><\/p>\n<p><span>Brand Name<\/span>: <span style=\"color:#333\">NoEnName_Null<\/span><\/p>\n<p><span>CN<\/span>: <span style=\"color:#333\">Zhejiang<\/span><\/p>\n<p><span>Choice<\/span>: <span style=\"color:#333\">yes<\/span><\/p>\n<p><span>Coffee filter<\/span>: <span style=\"color:#333\">Stainless coffee strainer<\/span><\/p>\n<p><span>Filter Type<\/span>: <span style=\"color:#333\">Reusable Filters<\/span><\/p>\n<p><span>High-concerned chemical<\/span>: <span style=\"color:#333\">None<\/span><\/p>\n<p><span>Material<\/span>: <span style=\"color:#333\">Stainless steel<\/span><\/p>\n<p><span>Origin<\/span>: <span style=\"color:#333\">Mainland China<\/span><\/p>\n<p><span>Shape<\/span>: <span style=\"color:#333\">Basket<\/span><\/p>\n<p><span>coffee accessories<\/span>: <span style=\"color:#333\">Coffee dripper<\/span><\/p>\n<p><\/br><\/p>\n<div class=\"detailmodule_text\">\n<p style=\"font-family:OpenSans;font-size:20px;font-weight:900;line-height:28px;margin-bottom:12px\" class=\"detail-desc-decorate-title\">Stainless Steel Coffee Filter 800 Mesh Coffee Dripper with Holder<\/p>\n<\/div>\n<div class=\"detailmodule_text\">\n<p style=\"font-family:OpenSans;font-size:20px;font-weight:900;line-height:28px;margin-bottom:12px\" class=\"detail-desc-decorate-title\">Feature<\/p>\n<p style=\"font-family:OpenSans;font-size:14px;font-weight:300;line-height:20px;margin-bottom:12px\" class=\"detail-desc-decorate-content\">1. Double-layer precision filtration, no need to use filter paper.<br \/>2. Using stainless steel ultra-fine mesh yarn, the filtration is more pure.<br \/>3. Multiple models and specifications can be selected, food-grade stainless steel, high temperature resistance and not easy to rust.<\/p>\n<\/div>\n<div class=\"detailmodule_image\"><img decoding=\"async\" style=\"margin-bottom:10px\" class=\"detail-desc-decorate-image\" src=\"https:\/\/ae-pic-a1.aliexpress-media.com\/kf\/S926d023e9604469ca027ac75e52e3187d.jpg\" \/><img decoding=\"async\" style=\"margin-bottom:10px\" class=\"detail-desc-decorate-image\" src=\"https:\/\/ae-pic-a1.aliexpress-media.com\/kf\/S7ce15c89d52943fa8a56755559cacfb9M.jpg\" \/><img decoding=\"async\" style=\"margin-bottom:10px\" class=\"detail-desc-decorate-image\" src=\"https:\/\/ae-pic-a1.aliexpress-media.com\/kf\/Sddfcc529ac7744b4b47628b5bfbb8018R.jpg\" \/><img decoding=\"async\" style=\"margin-bottom:10px\" class=\"detail-desc-decorate-image\" src=\"https:\/\/ae-pic-a1.aliexpress-media.com\/kf\/Sa118f9a38bae4a21a2086af3dcee5b0dG.jpg\" \/><img decoding=\"async\" style=\"margin-bottom:10px\" class=\"detail-desc-decorate-image\" src=\"https:\/\/ae-pic-a1.aliexpress-media.com\/kf\/S178dc15969c44dccac9ce507948d7f41V.jpg\" \/><img decoding=\"async\" style=\"margin-bottom:10px\" class=\"detail-desc-decorate-image\" src=\"https:\/\/ae-pic-a1.aliexpress-media.com\/kf\/S14c72efbb8e849759173034b587a1b79c.jpg\" \/><\/div>\n<p><\/p>\n","protected":false},"excerpt":{"rendered":"<p>SPECIFICATIONS Brand Name: NoEnName_Null CN: Zhejiang Choice: yes Coffee filter: Stainless coffee strainer Filter Type: Reusable Filters High-concerned chemical: None Material: Stainless steel Origin: Mainland China Shape: Basket coffee accessories: Coffee dripper Stainless Steel Coffee Filter 800 Mesh Coffee Dripper with Holder Feature 1. Double-layer precision filtration, no need to use filter paper.2. Using stainless [&hellip;]<\/p>\n","protected":false},"featured_media":7193,"comment_status":"open","ping_status":"closed","template":"","meta":[],"product_brand":[],"product_cat":[96],"product_tag":[],"class_list":{"0":"post-7211","1":"product","2":"type-product","3":"status-publish","4":"has-post-thumbnail","6":"product_cat-achadinhos-rubi","8":"first","9":"instock","10":"shipping-taxable","11":"purchasable","12":"product-type-variable"},"_links":{"self":[{"href":"https:\/\/boutiquerubifenix.com.br\/index.php\/wp-json\/wp\/v2\/product\/7211","targetHints":{"allow":["GET"]}}],"collection":[{"href":"https:\/\/boutiquerubifenix.com.br\/index.php\/wp-json\/wp\/v2\/product"}],"about":[{"href":"https:\/\/boutiquerubifenix.com.br\/index.php\/wp-json\/wp\/v2\/types\/product"}],"replies":[{"embeddable":true,"href":"https:\/\/boutiquerubifenix.com.br\/index.php\/wp-json\/wp\/v2\/comments?post=7211"}],"wp:featuredmedia":[{"embeddable":true,"href":"https:\/\/boutiquerubifenix.com.br\/index.php\/wp-json\/wp\/v2\/media\/7193"}],"wp:attachment":[{"href":"https:\/\/boutiquerubifenix.com.br\/index.php\/wp-json\/wp\/v2\/media?parent=7211"}],"wp:term":[{"taxonomy":"product_brand","embeddable":true,"href":"https:\/\/boutiquerubifenix.com.br\/index.php\/wp-json\/wp\/v2\/product_brand?post=7211"},{"taxonomy":"product_cat","embeddable":true,"href":"https:\/\/boutiquerubifenix.com.br\/index.php\/wp-json\/wp\/v2\/product_cat?post=7211"},{"taxonomy":"product_tag","embeddable":true,"href":"https:\/\/boutiquerubifenix.com.br\/index.php\/wp-json\/wp\/v2\/product_tag?post=7211"}],"curies":[{"name":"wp","href":"https:\/\/api.w.org\/{rel}","templated":true}]}}