{"id":7167,"date":"2025-11-18T16:18:48","date_gmt":"2025-11-18T19:18:48","guid":{"rendered":"https:\/\/boutiquerubifenix.com.br\/index.php\/produto\/massageador-de-pescoco-e-ombros-alivio-de-tensao-funcao-de-aquecimento-relaxamento-muscular-profundo\/"},"modified":"2025-11-18T16:19:15","modified_gmt":"2025-11-18T19:19:15","slug":"massageador-de-pescoco-e-ombros-alivio-de-tensao-funcao-de-aquecimento-relaxamento-muscular-profundo","status":"publish","type":"product","link":"https:\/\/boutiquerubifenix.com.br\/index.php\/produto\/massageador-de-pescoco-e-ombros-alivio-de-tensao-funcao-de-aquecimento-relaxamento-muscular-profundo\/","title":{"rendered":"Massageador de Pesco\u00e7o e Ombros, Al\u00edvio de Tens\u00e3o, Fun\u00e7\u00e3o de Aquecimento, Relaxamento Muscular Profundo"},"content":{"rendered":"<p>https:\/\/shopee.com.br\/Massageador-de-Pesco%C3%A7o-e-Ombros-Al%C3%ADvio-de-Tens%C3%A3o-Fun%C3%A7%C3%A3o-de-Aquecimento-Relaxamento-Muscular-Profundo-i.1283693007.21899571167?gads_t_sig=VTJGc2RHVmtYMTlxTFVSVVRrdENkZXc2VFhGUzZQUkd1d3gzNWRibGNNS0xPSDBMM2d6MXhmNGFFWGtDcEI0SGhTWWRSZzJrSi90MFN4UDhrcThPakNjbGo3azdKZXM4dHZvL0hSNGNmc1JzOVg2QUo0alhSdzBPekpmdkV1eXFBZWxydFhBWGI1SUI1MTI1UkExV0tVa2U3emhPSVJhaEsrSFpTbHBZdXF4ejU3eTl3djhob25pRk1JcE41MllNa1BWMWV4dWxPK25vNkZDYTl3dUVXN21SNmFYUFdTaitIeVVLQUlhYmZubElzT2FoREJ6RkxoMmxBRFpLV3pmOURXYTVKSDNpZGI5eERpQzVxbkx1V2dMOG5yKzRHRjBsR2FLTUtqT3ZDNDY4Q3FTTnNXT24vdlVkUlI2N1ZBWTU&#038;uls_trackid=547jqpl0002p&#038;utm_campaign=id_ZXfSY68VYp&#038;utm_content=s1-s2-s3-s4-s5&#038;utm_medium=affiliates&#038;utm_source=an_18104720004&#038;utm_term=dzakhoaj15q1<\/p>\n","protected":false},"excerpt":{"rendered":"<p>https:\/\/shopee.com.br\/Massageador-de-Pesco%C3%A7o-e-Ombros-Al%C3%ADvio-de-Tens%C3%A3o-Fun%C3%A7%C3%A3o-de-Aquecimento-Relaxamento-Muscular-Profundo-i.1283693007.21899571167?gads_t_sig=VTJGc2RHVmtYMTlxTFVSVVRrdENkZXc2VFhGUzZQUkd1d3gzNWRibGNNS0xPSDBMM2d6MXhmNGFFWGtDcEI0SGhTWWRSZzJrSi90MFN4UDhrcThPakNjbGo3azdKZXM4dHZvL0hSNGNmc1JzOVg2QUo0alhSdzBPekpmdkV1eXFBZWxydFhBWGI1SUI1MTI1UkExV0tVa2U3emhPSVJhaEsrSFpTbHBZdXF4ejU3eTl3djhob25pRk1JcE41MllNa1BWMWV4dWxPK25vNkZDYTl3dUVXN21SNmFYUFdTaitIeVVLQUlhYmZubElzT2FoREJ6RkxoMmxBRFpLV3pmOURXYTVKSDNpZGI5eERpQzVxbkx1V2dMOG5yKzRHRjBsR2FLTUtqT3ZDNDY4Q3FTTnNXT24vdlVkUlI2N1ZBWTU&#038;uls_trackid=547jqpl0002p&#038;utm_campaign=id_ZXfSY68VYp&#038;utm_content=s1-s2-s3-s4-s5&#038;utm_medium=affiliates&#038;utm_source=an_18104720004&#038;utm_term=dzakhoaj15q1<\/p>\n","protected":false},"featured_media":7166,"comment_status":"open","ping_status":"closed","template":"","meta":[],"product_brand":[],"product_cat":[391,96],"product_tag":[],"class_list":{"0":"post-7167","1":"product","2":"type-product","3":"status-publish","4":"has-post-thumbnail","6":"product_cat-produto","7":"product_cat-achadinhos-rubi","9":"first","10":"instock","11":"shipping-taxable","12":"product-type-external"},"_links":{"self":[{"href":"https:\/\/boutiquerubifenix.com.br\/index.php\/wp-json\/wp\/v2\/product\/7167","targetHints":{"allow":["GET"]}}],"collection":[{"href":"https:\/\/boutiquerubifenix.com.br\/index.php\/wp-json\/wp\/v2\/product"}],"about":[{"href":"https:\/\/boutiquerubifenix.com.br\/index.php\/wp-json\/wp\/v2\/types\/product"}],"replies":[{"embeddable":true,"href":"https:\/\/boutiquerubifenix.com.br\/index.php\/wp-json\/wp\/v2\/comments?post=7167"}],"wp:featuredmedia":[{"embeddable":true,"href":"https:\/\/boutiquerubifenix.com.br\/index.php\/wp-json\/wp\/v2\/media\/7166"}],"wp:attachment":[{"href":"https:\/\/boutiquerubifenix.com.br\/index.php\/wp-json\/wp\/v2\/media?parent=7167"}],"wp:term":[{"taxonomy":"product_brand","embeddable":true,"href":"https:\/\/boutiquerubifenix.com.br\/index.php\/wp-json\/wp\/v2\/product_brand?post=7167"},{"taxonomy":"product_cat","embeddable":true,"href":"https:\/\/boutiquerubifenix.com.br\/index.php\/wp-json\/wp\/v2\/product_cat?post=7167"},{"taxonomy":"product_tag","embeddable":true,"href":"https:\/\/boutiquerubifenix.com.br\/index.php\/wp-json\/wp\/v2\/product_tag?post=7167"}],"curies":[{"name":"wp","href":"https:\/\/api.w.org\/{rel}","templated":true}]}}