{"id":7005,"date":"2025-03-20T11:26:57","date_gmt":"2025-03-20T14:26:57","guid":{"rendered":"https:\/\/boutiquerubifenix.com.br\/index.php\/produto\/biblia-feminina-leao-seja-forte-e-corajosa-letras-medias-com-harpa-e-indice\/"},"modified":"2025-03-20T11:27:24","modified_gmt":"2025-03-20T14:27:24","slug":"biblia-feminina-leao-seja-forte-e-corajosa-letras-medias-com-harpa-e-indice","status":"publish","type":"product","link":"https:\/\/boutiquerubifenix.com.br\/index.php\/produto\/biblia-feminina-leao-seja-forte-e-corajosa-letras-medias-com-harpa-e-indice\/","title":{"rendered":"B\u00edblia Feminina Le\u00e3o Seja Forte E Corajosa Letras M\u00e9dias Com Harpa E \u00cdndice"},"content":{"rendered":"<p>https:\/\/mercadolivre.com\/sec\/1vK41Zm<\/p>\n","protected":false},"excerpt":{"rendered":"<p>https:\/\/mercadolivre.com\/sec\/1vK41Zm<\/p>\n","protected":false},"featured_media":7004,"comment_status":"open","ping_status":"closed","template":"","meta":[],"product_brand":[],"product_cat":[96],"product_tag":[],"class_list":{"0":"post-7005","1":"product","2":"type-product","3":"status-publish","4":"has-post-thumbnail","6":"product_cat-achadinhos-rubi","8":"first","9":"instock","10":"shipping-taxable","11":"product-type-external"},"_links":{"self":[{"href":"https:\/\/boutiquerubifenix.com.br\/index.php\/wp-json\/wp\/v2\/product\/7005","targetHints":{"allow":["GET"]}}],"collection":[{"href":"https:\/\/boutiquerubifenix.com.br\/index.php\/wp-json\/wp\/v2\/product"}],"about":[{"href":"https:\/\/boutiquerubifenix.com.br\/index.php\/wp-json\/wp\/v2\/types\/product"}],"replies":[{"embeddable":true,"href":"https:\/\/boutiquerubifenix.com.br\/index.php\/wp-json\/wp\/v2\/comments?post=7005"}],"wp:featuredmedia":[{"embeddable":true,"href":"https:\/\/boutiquerubifenix.com.br\/index.php\/wp-json\/wp\/v2\/media\/7004"}],"wp:attachment":[{"href":"https:\/\/boutiquerubifenix.com.br\/index.php\/wp-json\/wp\/v2\/media?parent=7005"}],"wp:term":[{"taxonomy":"product_brand","embeddable":true,"href":"https:\/\/boutiquerubifenix.com.br\/index.php\/wp-json\/wp\/v2\/product_brand?post=7005"},{"taxonomy":"product_cat","embeddable":true,"href":"https:\/\/boutiquerubifenix.com.br\/index.php\/wp-json\/wp\/v2\/product_cat?post=7005"},{"taxonomy":"product_tag","embeddable":true,"href":"https:\/\/boutiquerubifenix.com.br\/index.php\/wp-json\/wp\/v2\/product_tag?post=7005"}],"curies":[{"name":"wp","href":"https:\/\/api.w.org\/{rel}","templated":true}]}}