{"id":6988,"date":"2025-03-15T09:52:08","date_gmt":"2025-03-15T12:52:08","guid":{"rendered":"https:\/\/boutiquerubifenix.com.br\/index.php\/produto\/chinelo-tamanco-feminino-idoso-ortopedico-macio-esporao-massageador-leve-e-confotavel-varias-cores\/"},"modified":"2025-03-15T09:52:49","modified_gmt":"2025-03-15T12:52:49","slug":"chinelo-tamanco-feminino-idoso-ortopedico-macio-esporao-massageador-leve-e-confotavel-varias-cores","status":"publish","type":"product","link":"https:\/\/boutiquerubifenix.com.br\/index.php\/produto\/chinelo-tamanco-feminino-idoso-ortopedico-macio-esporao-massageador-leve-e-confotavel-varias-cores\/","title":{"rendered":"Chinelo Tamanco Feminino Idoso Ortop\u00e9dico Macio Espor\u00e3o Massageador Leve e Confot\u00e1vel V\u00e1rias Cores"},"content":{"rendered":"<p>https:\/\/shopee.com.br\/Chinelo-Tamanco-Feminino-Idoso-Ortop%C3%A9dico-Macio-Espor%C3%A3o-Massageador-Leve-e-Confot%C3%A1vel-V%C3%A1rias-Cores-i.977337030.23098089588?sp_atk=bd3ec274-0956-4435-bfa9-ec11c69f185f&#038;xptdk=bd3ec274-0956-4435-bfa9-ec11c69f185f<\/p>\n","protected":false},"excerpt":{"rendered":"<p>https:\/\/shopee.com.br\/Chinelo-Tamanco-Feminino-Idoso-Ortop%C3%A9dico-Macio-Espor%C3%A3o-Massageador-Leve-e-Confot%C3%A1vel-V%C3%A1rias-Cores-i.977337030.23098089588?sp_atk=bd3ec274-0956-4435-bfa9-ec11c69f185f&#038;xptdk=bd3ec274-0956-4435-bfa9-ec11c69f185f<\/p>\n","protected":false},"featured_media":6987,"comment_status":"open","ping_status":"closed","template":"","meta":[],"product_brand":[],"product_cat":[33],"product_tag":[],"class_list":{"0":"post-6988","1":"product","2":"type-product","3":"status-publish","4":"has-post-thumbnail","6":"product_cat-calcados","8":"first","9":"instock","10":"shipping-taxable","11":"product-type-external"},"_links":{"self":[{"href":"https:\/\/boutiquerubifenix.com.br\/index.php\/wp-json\/wp\/v2\/product\/6988","targetHints":{"allow":["GET"]}}],"collection":[{"href":"https:\/\/boutiquerubifenix.com.br\/index.php\/wp-json\/wp\/v2\/product"}],"about":[{"href":"https:\/\/boutiquerubifenix.com.br\/index.php\/wp-json\/wp\/v2\/types\/product"}],"replies":[{"embeddable":true,"href":"https:\/\/boutiquerubifenix.com.br\/index.php\/wp-json\/wp\/v2\/comments?post=6988"}],"wp:featuredmedia":[{"embeddable":true,"href":"https:\/\/boutiquerubifenix.com.br\/index.php\/wp-json\/wp\/v2\/media\/6987"}],"wp:attachment":[{"href":"https:\/\/boutiquerubifenix.com.br\/index.php\/wp-json\/wp\/v2\/media?parent=6988"}],"wp:term":[{"taxonomy":"product_brand","embeddable":true,"href":"https:\/\/boutiquerubifenix.com.br\/index.php\/wp-json\/wp\/v2\/product_brand?post=6988"},{"taxonomy":"product_cat","embeddable":true,"href":"https:\/\/boutiquerubifenix.com.br\/index.php\/wp-json\/wp\/v2\/product_cat?post=6988"},{"taxonomy":"product_tag","embeddable":true,"href":"https:\/\/boutiquerubifenix.com.br\/index.php\/wp-json\/wp\/v2\/product_tag?post=6988"}],"curies":[{"name":"wp","href":"https:\/\/api.w.org\/{rel}","templated":true}]}}