{"id":6938,"date":"2025-02-04T21:35:50","date_gmt":"2025-02-05T00:35:50","guid":{"rendered":"https:\/\/boutiquerubifenix.com.br\/index.php\/produto\/tenis-infantil-menino-facil-para-calcar-confortavel-macio-leve-de-personagens-do-20-ao-33-2\/"},"modified":"2025-02-04T21:36:23","modified_gmt":"2025-02-05T00:36:23","slug":"tenis-infantil-menino-facil-para-calcar-confortavel-macio-leve-de-personagens-do-20-ao-33-2","status":"publish","type":"product","link":"https:\/\/boutiquerubifenix.com.br\/index.php\/produto\/tenis-infantil-menino-facil-para-calcar-confortavel-macio-leve-de-personagens-do-20-ao-33-2\/","title":{"rendered":"T\u00eanis Infantil Menino F\u00e1cil Para Cal\u00e7ar Confortavel Macio Leve De Personagens Do 20 Ao 33"},"content":{"rendered":"<p>https:\/\/shopee.com.br\/T%C3%AAnis-Infantil-Menino-F%C3%A1cil-Para-Cal%C3%A7ar-Confortavel-Macio-Leve-De-Personagens-Do-20-Ao-33-i.625594284.10777912296?sp_atk=2f3ae3e5-c5d7-4463-94b2-23c62321f654&#038;uls_trackid=51tor92m00ru&#038;utm_campaign=-&#038;utm_content=s1-s2-s3-s4-s5&#038;utm_medium=affiliates&#038;utm_source=an_18179570003&#038;utm_term=chxxzikn22jy<\/p>\n","protected":false},"excerpt":{"rendered":"<p>https:\/\/shopee.com.br\/T%C3%AAnis-Infantil-Menino-F%C3%A1cil-Para-Cal%C3%A7ar-Confortavel-Macio-Leve-De-Personagens-Do-20-Ao-33-i.625594284.10777912296?sp_atk=2f3ae3e5-c5d7-4463-94b2-23c62321f654&#038;uls_trackid=51tor92m00ru&#038;utm_campaign=-&#038;utm_content=s1-s2-s3-s4-s5&#038;utm_medium=affiliates&#038;utm_source=an_18179570003&#038;utm_term=chxxzikn22jy<\/p>\n","protected":false},"featured_media":6937,"comment_status":"open","ping_status":"closed","template":"","meta":[],"product_brand":[],"product_cat":[35],"product_tag":[],"class_list":{"0":"post-6938","1":"product","2":"type-product","3":"status-publish","4":"has-post-thumbnail","6":"product_cat-infantil","8":"first","9":"instock","10":"shipping-taxable","11":"product-type-external"},"_links":{"self":[{"href":"https:\/\/boutiquerubifenix.com.br\/index.php\/wp-json\/wp\/v2\/product\/6938","targetHints":{"allow":["GET"]}}],"collection":[{"href":"https:\/\/boutiquerubifenix.com.br\/index.php\/wp-json\/wp\/v2\/product"}],"about":[{"href":"https:\/\/boutiquerubifenix.com.br\/index.php\/wp-json\/wp\/v2\/types\/product"}],"replies":[{"embeddable":true,"href":"https:\/\/boutiquerubifenix.com.br\/index.php\/wp-json\/wp\/v2\/comments?post=6938"}],"wp:featuredmedia":[{"embeddable":true,"href":"https:\/\/boutiquerubifenix.com.br\/index.php\/wp-json\/wp\/v2\/media\/6937"}],"wp:attachment":[{"href":"https:\/\/boutiquerubifenix.com.br\/index.php\/wp-json\/wp\/v2\/media?parent=6938"}],"wp:term":[{"taxonomy":"product_brand","embeddable":true,"href":"https:\/\/boutiquerubifenix.com.br\/index.php\/wp-json\/wp\/v2\/product_brand?post=6938"},{"taxonomy":"product_cat","embeddable":true,"href":"https:\/\/boutiquerubifenix.com.br\/index.php\/wp-json\/wp\/v2\/product_cat?post=6938"},{"taxonomy":"product_tag","embeddable":true,"href":"https:\/\/boutiquerubifenix.com.br\/index.php\/wp-json\/wp\/v2\/product_tag?post=6938"}],"curies":[{"name":"wp","href":"https:\/\/api.w.org\/{rel}","templated":true}]}}