{"id":6914,"date":"2025-02-04T21:15:56","date_gmt":"2025-02-05T00:15:56","guid":{"rendered":"https:\/\/boutiquerubifenix.com.br\/index.php\/produto\/dispositivo-de-terapia-de-luz-vermelha-infravermelha-para-tornozelo-para-dor-nas-articulacoes-compressa-quente-3-modos-de-vibracao-massageador-de-pes\/"},"modified":"2025-02-04T21:16:12","modified_gmt":"2025-02-05T00:16:12","slug":"dispositivo-de-terapia-de-luz-vermelha-infravermelha-para-tornozelo-para-dor-nas-articulacoes-compressa-quente-3-modos-de-vibracao-massageador-de-pes","status":"publish","type":"product","link":"https:\/\/boutiquerubifenix.com.br\/index.php\/produto\/dispositivo-de-terapia-de-luz-vermelha-infravermelha-para-tornozelo-para-dor-nas-articulacoes-compressa-quente-3-modos-de-vibracao-massageador-de-pes\/","title":{"rendered":"Dispositivo de terapia de luz vermelha infravermelha para tornozelo, para dor nas articula\u00e7\u00f5es, compressa quente, 3 modos de vibra\u00e7\u00e3o, massageador de p\u00e9s"},"content":{"rendered":"<h1>&nbsp;<\/h1>\n<p>ESPECIFICA&Ccedil;&Otilde;ES<\/p>\n<p>Nome da marca: DearBeauty<\/p>\n<p>Produto qu&iacute;mico relacionado ao Hign: Nenhum<\/p>\n<p>Origem:China continental<\/p>\n<p>Tipo de Item: Massagem &amp; Relaxamento<\/p>\n<p>N&uacute;mero do modelo: cinta de tornozelo aquecida el&eacute;trica<\/p>\n<p>Material: Material Comp&oacute;sito<\/p>\n<p>Aplica&ccedil;&atilde;o: P&eacute;<\/p>\n<\/p>\n<p class=\"MsoNormal\"><strong><span style=\"font-size:18px;font-family:\u5fae\u8f6f\u96c5\u9ed1\">Electric Foot Massager Vibration Relaxation Ankle Massager Warm Hot Compress Ankle Brace Joint Sprain Ankle Support Muscle Fatigue Pain Relieve Ankle Protection<\/span><\/strong><\/p>\n<p><\/p>\n<p class=\"MsoNormal\"><span style=\"font-size:16px;font-family:\u5fae\u8f6f\u96c5\u9ed1\"><strong>Features:<\/strong><\/span><\/p>\n<p class=\"MsoNormal\"><span style=\"font-size:10.5pt;font-family:\u5fae\u8f6f\u96c5\u9ed1\">1. With its 5-speed infrared hot compress therapy (40\u00b0C, 45\u00b0C, 50\u00b0C, 55\u00b0C, and 60\u00b0C) to effectively relieve ankle pain, the electric foot massager is suitable for a variety of relief requirements.<\/span><\/p>\n<p class=\"MsoNormal\"><span style=\"font-size:10.5pt;font-family:\u5fae\u8f6f\u96c5\u9ed1\">2. With three\u00a0massage vibration intensity modes, this vibration relaxation ankle massager can accommodate varying massage intensity needs. The first mode is for daily care, the second is for sports recovery, and the third is for reducing ankle discomfort.<\/span><\/p>\n<p class=\"MsoNormal\"><span style=\"font-size:10.5pt;font-family:\u5fae\u8f6f\u96c5\u9ed1\">3. For a more secure relaxing experience, the hot compress ankle brace features an intelligent 30-minute timer that guarantees safety and avoids overuse.<\/span><\/p>\n<p class=\"MsoNormal\"><span style=\"font-size:10.5pt;font-family:\u5fae\u8f6f\u96c5\u9ed1\">4. Using an NTC temperature control technology with a safety chip, this joint sprain ankle can protect you from scalding.<\/span><\/p>\n<p class=\"MsoNormal\"><span style=\"font-size:10.5pt;font-family:\u5fae\u8f6f\u96c5\u9ed1\">5. The breathable cloth used to make the heated ankle protection is lightweight, warm, and not bulky. For a snug fit, the inner layer is non-slip, the middle layer emits infrared heat, and the outside layer is windproof.<\/span><\/p>\n<p class=\"MsoNormal\"><span style=\"font-size:10.5pt;font-family:\u5fae\u8f6f\u96c5\u9ed1\">6. Suitable for both left and right feet, the vibration massage ankle support has a strong stick-on buckle that firmly wraps around the ankle.<\/span><\/p>\n<p><\/p>\n<p class=\"MsoNormal\"><span style=\"font-size:16px;font-family:\u5fae\u8f6f\u96c5\u9ed1\"><strong>Specifications:<\/strong><\/span><\/p>\n<p class=\"MsoNormal\"><span style=\"font-size:10.5pt;font-family:\u5fae\u8f6f\u96c5\u9ed1\">Product name\uff1aElectric Heating Ankle Brace<\/span><\/p>\n<p class=\"MsoNormal\"><span style=\"font-size:10.5pt;font-family:\u5fae\u8f6f\u96c5\u9ed1\">Product model: XBL-8688B<\/span><\/p>\n<p class=\"MsoNormal\"><span style=\"font-size:10.5pt;font-family:\u5fae\u8f6f\u96c5\u9ed1\">Product material: ABS+Advanced Diving Fabrics<\/span><\/p>\n<p class=\"MsoNormal\"><span style=\"font-size:10.5pt;font-family:\u5fae\u8f6f\u96c5\u9ed1\">Product colour: Grey<\/span><\/p>\n<p class=\"MsoNormal\"><span style=\"font-size:10.5pt;font-family:\u5fae\u8f6f\u96c5\u9ed1\">Rated voltage: 3.7V<\/span><\/p>\n<p class=\"MsoNormal\"><span style=\"font-size:10.5pt;font-family:\u5fae\u8f6f\u96c5\u9ed1\">Rated power: 7W \u00a0\u00a0\u00a0<\/span><\/p>\n<p class=\"MsoNormal\"><span style=\"font-size:10.5pt;font-family:\u5fae\u8f6f\u96c5\u9ed1\">Input voltage: 5V<\/span><\/p>\n<p class=\"MsoNormal\"><span style=\"font-size:10.5pt;font-family:\u5fae\u8f6f\u96c5\u9ed1\">Input current: 1A<\/span><\/p>\n<p class=\"MsoNormal\"><span style=\"font-size:10.5pt;font-family:\u5fae\u8f6f\u96c5\u9ed1\">Input power: 5W<\/span><\/p>\n<p class=\"MsoNormal\"><span style=\"font-size:10.5pt;font-family:\u5fae\u8f6f\u96c5\u9ed1\">Battery: 1800mAh<\/span><\/p>\n<p class=\"MsoNormal\"><span style=\"font-size:10.5pt;font-family:\u5fae\u8f6f\u96c5\u9ed1\">Charging time: about 3 hours<\/span><\/p>\n<p class=\"MsoNormal\"><span style=\"font-size:10.5pt;font-family:\u5fae\u8f6f\u96c5\u9ed1\">Using time: about 3 times, once use 30 minutes<\/span><\/p>\n<p class=\"MsoNormal\"><span style=\"font-size:10.5pt;font-family:\u5fae\u8f6f\u96c5\u9ed1\">Power supply mode: Type-C charging \u00a0<\/span><\/p>\n<p class=\"MsoNormal\"><span style=\"font-size:10.5pt;font-family:\u5fae\u8f6f\u96c5\u9ed1\">Charging status: charging indicator green, and display\u201cLL\u201d, full display\u201cHH\u201d. <\/span><\/p>\n<p><\/p>\n<p class=\"MsoNormal\"><span style=\"font-size:16px;font-family:\u5fae\u8f6f\u96c5\u9ed1\"><strong>Note:<\/strong><\/span><\/p>\n<p class=\"MsoNormal\"><span style=\"font-size:10.5pt;font-family:\u5fae\u8f6f\u96c5\u9ed1\">1.If the product is connected to the power supply during turning on operation, it will stop working automatically.<\/span><\/p>\n<p class=\"MsoNormal\"><span style=\"font-size:10.5pt;font-family:\u5fae\u8f6f\u96c5\u9ed1\">2.During the charging process, the product can not be turned on and used.<\/span><\/p>\n<p><\/p>\n<p class=\"MsoNormal\"><span style=\"font-size:16px;font-family:\u5fae\u8f6f\u96c5\u9ed1\"><strong>Packing List:<\/strong><\/span><\/p>\n<p class=\"MsoNormal\"><span style=\"font-size:10.5pt;font-family:\u5fae\u8f6f\u96c5\u9ed1\">1*Grey Ankle Brace ( includes a non-removable controller)<\/span><\/p>\n<p class=\"MsoNormal\"><span style=\"font-size:10.5pt;font-family:\u5fae\u8f6f\u96c5\u9ed1\">1*English Instruction Manual<\/span><\/p>\n<p class=\"MsoNormal\"><span style=\"font-size:10.5pt;font-family:\u5fae\u8f6f\u96c5\u9ed1\">1*Type-C Charging Cable<\/span><\/p>\n<p class=\"MsoNormal\"><span style=\"font-size:10.5pt;font-family:\u5fae\u8f6f\u96c5\u9ed1\"><\/span><img decoding=\"async\" src=\"https:\/\/ae01.alicdn.com\/kf\/Seb5f28e4365c40b2b67b34b6ab4443a2G.jpg\" \/><span style=\"font-size:10.5pt;font-family:\u5fae\u8f6f\u96c5\u9ed1\"><\/span><img decoding=\"async\" src=\"https:\/\/ae01.alicdn.com\/kf\/S0a4617499a03400496755ea83c2ecaebW.jpg\" \/><span style=\"font-size:10.5pt;font-family:\u5fae\u8f6f\u96c5\u9ed1\"><\/span><img decoding=\"async\" src=\"https:\/\/ae01.alicdn.com\/kf\/Sa7564d58883c4e5184cb6c3718573a2eJ.jpg\" \/><span style=\"font-size:10.5pt;font-family:\u5fae\u8f6f\u96c5\u9ed1\"><\/span><img decoding=\"async\" src=\"https:\/\/ae01.alicdn.com\/kf\/S7555442628344e638da15c2157ebd771p.jpg\" \/><span style=\"font-size:10.5pt;font-family:\u5fae\u8f6f\u96c5\u9ed1\"><\/span><img decoding=\"async\" src=\"https:\/\/ae01.alicdn.com\/kf\/S17dbe147753941449bf9ee87720570e0A.jpg\" \/><span style=\"font-size:10.5pt;font-family:\u5fae\u8f6f\u96c5\u9ed1\"><\/span><img decoding=\"async\" src=\"https:\/\/ae01.alicdn.com\/kf\/S4cf86b13ad6941b4bf2e99461ba0cefeV.jpg\" \/><span style=\"font-size:10.5pt;font-family:\u5fae\u8f6f\u96c5\u9ed1\"><\/span><img decoding=\"async\" src=\"https:\/\/ae01.alicdn.com\/kf\/S569c1acb37e547cb8cab1d26f3b13d85Y.jpg\" \/><span style=\"font-size:10.5pt;font-family:\u5fae\u8f6f\u96c5\u9ed1\"><\/span><img decoding=\"async\" src=\"https:\/\/ae01.alicdn.com\/kf\/S36b0871af1534d23b5f8529b81a52282g.jpg\" \/><span style=\"font-size:10.5pt;font-family:\u5fae\u8f6f\u96c5\u9ed1\"><\/span><img decoding=\"async\" src=\"https:\/\/ae01.alicdn.com\/kf\/S693d676419c24694a364cca69a1af8b4U.jpg\" \/><span style=\"font-size:10.5pt;font-family:\u5fae\u8f6f\u96c5\u9ed1\"><\/span><img decoding=\"async\" src=\"https:\/\/ae01.alicdn.com\/kf\/Sba3b60c83ae94129b7ee170864f96817T.jpg\" \/><span style=\"font-size:10.5pt;font-family:\u5fae\u8f6f\u96c5\u9ed1\"><\/span><img decoding=\"async\" src=\"https:\/\/ae01.alicdn.com\/kf\/S2ed9abd69b74424cae76525a424a2af9G.jpg\" \/><span style=\"font-size:10.5pt;font-family:\u5fae\u8f6f\u96c5\u9ed1\"><\/span><img decoding=\"async\" src=\"https:\/\/ae01.alicdn.com\/kf\/Sb2933f0154344eab944dcdf51b56244fy.jpg\" \/><span style=\"font-size:10.5pt;font-family:\u5fae\u8f6f\u96c5\u9ed1\"><\/span><\/p>\n<p class=\"MsoNormal\">\n","protected":false},"excerpt":{"rendered":"<p>&nbsp; ESPECIFICA&Ccedil;&Otilde;ES Nome da marca: DearBeauty Produto qu&iacute;mico relacionado ao Hign: Nenhum Origem:China continental Tipo de Item: Massagem &amp; Relaxamento N&uacute;mero do modelo: cinta de tornozelo aquecida el&eacute;trica Material: Material Comp&oacute;sito Aplica&ccedil;&atilde;o: P&eacute; Electric Foot Massager Vibration Relaxation Ankle Massager Warm Hot Compress Ankle Brace Joint Sprain Ankle Support Muscle Fatigue Pain Relieve Ankle Protection [&hellip;]<\/p>\n","protected":false},"featured_media":6901,"comment_status":"open","ping_status":"closed","template":"","meta":[],"product_brand":[],"product_cat":[96],"product_tag":[],"class_list":{"0":"post-6914","1":"product","2":"type-product","3":"status-publish","4":"has-post-thumbnail","6":"product_cat-achadinhos-rubi","8":"first","9":"instock","10":"shipping-taxable","11":"purchasable","12":"product-type-variable"},"_links":{"self":[{"href":"https:\/\/boutiquerubifenix.com.br\/index.php\/wp-json\/wp\/v2\/product\/6914","targetHints":{"allow":["GET"]}}],"collection":[{"href":"https:\/\/boutiquerubifenix.com.br\/index.php\/wp-json\/wp\/v2\/product"}],"about":[{"href":"https:\/\/boutiquerubifenix.com.br\/index.php\/wp-json\/wp\/v2\/types\/product"}],"replies":[{"embeddable":true,"href":"https:\/\/boutiquerubifenix.com.br\/index.php\/wp-json\/wp\/v2\/comments?post=6914"}],"wp:featuredmedia":[{"embeddable":true,"href":"https:\/\/boutiquerubifenix.com.br\/index.php\/wp-json\/wp\/v2\/media\/6901"}],"wp:attachment":[{"href":"https:\/\/boutiquerubifenix.com.br\/index.php\/wp-json\/wp\/v2\/media?parent=6914"}],"wp:term":[{"taxonomy":"product_brand","embeddable":true,"href":"https:\/\/boutiquerubifenix.com.br\/index.php\/wp-json\/wp\/v2\/product_brand?post=6914"},{"taxonomy":"product_cat","embeddable":true,"href":"https:\/\/boutiquerubifenix.com.br\/index.php\/wp-json\/wp\/v2\/product_cat?post=6914"},{"taxonomy":"product_tag","embeddable":true,"href":"https:\/\/boutiquerubifenix.com.br\/index.php\/wp-json\/wp\/v2\/product_tag?post=6914"}],"curies":[{"name":"wp","href":"https:\/\/api.w.org\/{rel}","templated":true}]}}