{"id":6687,"date":"2025-01-23T20:10:02","date_gmt":"2025-01-23T23:10:02","guid":{"rendered":"https:\/\/boutiquerubifenix.com.br\/index.php\/produto\/doteffil-925-prata-esterlina-coracao-cobra-corrente-colar-pulseira-brinco-conjunto-para-mulher-casamento-noivado-festa-moda-joias\/"},"modified":"2025-01-23T20:10:02","modified_gmt":"2025-01-23T23:10:02","slug":"doteffil-925-prata-esterlina-coracao-cobra-corrente-colar-pulseira-brinco-conjunto-para-mulher-casamento-noivado-festa-moda-joias","status":"publish","type":"product","link":"https:\/\/boutiquerubifenix.com.br\/index.php\/produto\/doteffil-925-prata-esterlina-coracao-cobra-corrente-colar-pulseira-brinco-conjunto-para-mulher-casamento-noivado-festa-moda-joias\/","title":{"rendered":"DOTEFFIL 925 Prata Esterlina Cora\u00e7\u00e3o Cobra Corrente Colar Pulseira Brinco Conjunto Para Mulher Casamento Noivado Festa Moda J\u00f3ias"},"content":{"rendered":"<h1>&nbsp;<\/h1>\n<p>ESPECIFICA&Ccedil;&Otilde;ES Marca: DOTEFFIL Tipo de metais: prata Carimbo de metal: 925, esterlina Origem:China continental Certificados: SIM Tipo de certificado: GDTC Pedra principal: nenhuma Produto qu&iacute;mico relacionado ao Hign: Nenhum Estilo: Cl&aacute;ssico Forma padr&atilde;o: CORA&Ccedil;&Atilde;O Multa ou Moda: Multa G&ecirc;nero: Mulheres Conjuntos de j&oacute;ias Tipo: Colar\/Brincos\/Pulseira Tipo de Item: conjuntos de j&oacute;ias Peso do item: 51,48g Pedra lateral: Nenhum Ocasi&atilde;o: CASAMENTO is_customized: N&atilde;o Escolha: sim semi_Choice: sim<\/p>\n<div class=\"detailmodule_html\">\n<div class=\"detail-desc-decorate-richtext\">\n<p><img decoding=\"async\" src=\"https:\/\/ae01.alicdn.com\/kf\/S203496961f884b078d6133a475501faaA.jpg\" \/><img decoding=\"async\" src=\"https:\/\/ae01.alicdn.com\/kf\/H1883b93468614bc498ef8857d3689b953.jpg\" \/><img decoding=\"async\" src=\"https:\/\/ae01.alicdn.com\/kf\/H6369be3700b14bb380883714301ccac0A.jpg\" \/><img decoding=\"async\" src=\"https:\/\/ae01.alicdn.com\/kf\/H56dd7f9c99924e1389b5b578fb37630be.jpg\" \/><img decoding=\"async\" src=\"https:\/\/ae01.alicdn.com\/kf\/H5ad54621c428402da72dd22b401f1b72h.jpg\" \/><img decoding=\"async\" src=\"https:\/\/ae01.alicdn.com\/kf\/Ha7c242f8fa2a48668db52008e4796d6bn.jpg\" \/><img decoding=\"async\" src=\"https:\/\/ae01.alicdn.com\/kf\/Hdb8af06b3e4b466aa6485aa729be9171Q.jpg\" \/><img decoding=\"async\" src=\"https:\/\/ae01.alicdn.com\/kf\/H5ba6f46d9ad34e0d91a981fa6f63650fE.jpg\" \/><img decoding=\"async\" src=\"https:\/\/ae01.alicdn.com\/kf\/H0dcf488ff9ee41bebff769b3ae035f7e8.jpg\" \/><img decoding=\"async\" src=\"https:\/\/ae01.alicdn.com\/kf\/Head97813d3e54a63adf753f35be5d760E.jpg\" \/><img decoding=\"async\" src=\"https:\/\/ae01.alicdn.com\/kf\/H61c94c3e117f4a8c8c26965af86134d70.jpg\" \/><img decoding=\"async\" src=\"https:\/\/ae01.alicdn.com\/kf\/Hf7cf7d4da6514efabc4e58de01988cc2w.jpg\" \/><img decoding=\"async\" src=\"https:\/\/ae01.alicdn.com\/kf\/H6448dedc79a143d1a7a9322708f7a5777.jpg\" \/><img decoding=\"async\" src=\"https:\/\/ae01.alicdn.com\/kf\/He61cb96693cf48f68937539f1bd2c739h.jpg\" \/><img decoding=\"async\" src=\"https:\/\/ae01.alicdn.com\/kf\/H522231ca7c7c4c4f9e2a4a81769ab125H.jpg\" \/><img decoding=\"async\" src=\"https:\/\/ae01.alicdn.com\/kf\/Hcc0eeef4fcd14364a97cff1265a777192.jpg\" \/><\/p>\n<p><img decoding=\"async\" src=\"https:\/\/ae01.alicdn.com\/kf\/S1545871873564aa9b5e23f902005c7adH.jpg\" \/><img decoding=\"async\" src=\"https:\/\/ae01.alicdn.com\/kf\/Sce12b441f3734cb29978dad6a7b3c39eh.jpg\" \/><img decoding=\"async\" src=\"https:\/\/ae01.alicdn.com\/kf\/S24c5787d101a4efaa7e00fbcf832e112Y.jpg\" \/><img decoding=\"async\" src=\"https:\/\/ae01.alicdn.com\/kf\/S5bd5b8b21a8043db889a9aeb06f11de6Y.jpg\" \/><\/p>\n<\/div>\n<\/div>\n<p><\/p>\n","protected":false},"excerpt":{"rendered":"<p>&nbsp; ESPECIFICA&Ccedil;&Otilde;ES Marca: DOTEFFIL Tipo de metais: prata Carimbo de metal: 925, esterlina Origem:China continental Certificados: SIM Tipo de certificado: GDTC Pedra principal: nenhuma Produto qu&iacute;mico relacionado ao Hign: Nenhum Estilo: Cl&aacute;ssico Forma padr&atilde;o: CORA&Ccedil;&Atilde;O Multa ou Moda: Multa G&ecirc;nero: Mulheres Conjuntos de j&oacute;ias Tipo: Colar\/Brincos\/Pulseira Tipo de Item: conjuntos de j&oacute;ias Peso do item: [&hellip;]<\/p>\n","protected":false},"featured_media":6661,"comment_status":"open","ping_status":"closed","template":"","meta":[],"product_brand":[],"product_cat":[34],"product_tag":[],"class_list":{"0":"post-6687","1":"product","2":"type-product","3":"status-publish","4":"has-post-thumbnail","6":"product_cat-acessorios","8":"first","9":"instock","10":"shipping-taxable","11":"purchasable","12":"product-type-simple"},"_links":{"self":[{"href":"https:\/\/boutiquerubifenix.com.br\/index.php\/wp-json\/wp\/v2\/product\/6687","targetHints":{"allow":["GET"]}}],"collection":[{"href":"https:\/\/boutiquerubifenix.com.br\/index.php\/wp-json\/wp\/v2\/product"}],"about":[{"href":"https:\/\/boutiquerubifenix.com.br\/index.php\/wp-json\/wp\/v2\/types\/product"}],"replies":[{"embeddable":true,"href":"https:\/\/boutiquerubifenix.com.br\/index.php\/wp-json\/wp\/v2\/comments?post=6687"}],"wp:featuredmedia":[{"embeddable":true,"href":"https:\/\/boutiquerubifenix.com.br\/index.php\/wp-json\/wp\/v2\/media\/6661"}],"wp:attachment":[{"href":"https:\/\/boutiquerubifenix.com.br\/index.php\/wp-json\/wp\/v2\/media?parent=6687"}],"wp:term":[{"taxonomy":"product_brand","embeddable":true,"href":"https:\/\/boutiquerubifenix.com.br\/index.php\/wp-json\/wp\/v2\/product_brand?post=6687"},{"taxonomy":"product_cat","embeddable":true,"href":"https:\/\/boutiquerubifenix.com.br\/index.php\/wp-json\/wp\/v2\/product_cat?post=6687"},{"taxonomy":"product_tag","embeddable":true,"href":"https:\/\/boutiquerubifenix.com.br\/index.php\/wp-json\/wp\/v2\/product_tag?post=6687"}],"curies":[{"name":"wp","href":"https:\/\/api.w.org\/{rel}","templated":true}]}}