{"id":6610,"date":"2025-01-16T10:39:55","date_gmt":"2025-01-16T13:39:55","guid":{"rendered":"https:\/\/boutiquerubifenix.com.br\/index.php\/produto\/robo-de-varredura-totalmente-automatico-aspirador-de-po-esfregao-de-chao-mini-aspirador-de-po-uso-domestico-varredor-inteligente-3-em-1-da-lazybones\/"},"modified":"2025-01-16T10:39:55","modified_gmt":"2025-01-16T13:39:55","slug":"robo-de-varredura-totalmente-automatico-aspirador-de-po-esfregao-de-chao-mini-aspirador-de-po-uso-domestico-varredor-inteligente-3-em-1-da-lazybones","status":"publish","type":"product","link":"https:\/\/boutiquerubifenix.com.br\/index.php\/produto\/robo-de-varredura-totalmente-automatico-aspirador-de-po-esfregao-de-chao-mini-aspirador-de-po-uso-domestico-varredor-inteligente-3-em-1-da-lazybones\/","title":{"rendered":"Rob\u00f4 de varredura totalmente autom\u00e1tico, aspirador de p\u00f3, esfreg\u00e3o de ch\u00e3o, mini aspirador de p\u00f3, uso dom\u00e9stico, varredor inteligente 3 em 1 da Lazybones"},"content":{"rendered":"<p>ESPECIFICA&Ccedil;&Otilde;ES<\/p>\n<p>Marca: keledi<\/p>\n<p>Origem:China continental<\/p>\n<p>Produto qu&iacute;mico relacionado ao Hign: Nenhum<\/p>\n<p>Certifica&ccedil;&atilde;o: CE<\/p>\n<p>Certifica&ccedil;&atilde;o: RoHS<\/p>\n<p>Escolha: sim<\/p>\n<p>&nbsp;<\/p>\n<div class=\"detailmodule_html\">\n<div class=\"detail-desc-decorate-richtext\">\n<p><strong><span style=\"font-size:24px\">Features\uff1a<\/span><\/strong><\/p>\n<p><span style=\"font-size:18px\"> COMPACT BODY DESIGN: Small body, big function, mini size is more applicable, it can easily go in and out of all kinds of furniture crevices and clean the dead corners of hygiene.<\/span><\/p>\n<p><span style=\"font-size:18px\"> 3-in-1 Function:This sweeping robot combines vacuuming, sweeping and mopping, making it a multifunctional and efficient cleaning tool.<\/span><\/p>\n<p><span style=\"font-size:18px\"> Automatic Operation:With its fully automatic function, this sweeping robot requires no physical labour, perfect for lazy people or those who want to save time.<\/span><\/p>\n<p><span style=\"font-size:18px\"> Wide application:All kinds of stains, easy to remove, whether it&#x27;s natural dust, or accidentally spilled drink stains easily mopped clean.<\/span><\/p>\n<p><\/p>\n<p><strong><span style=\"font-size:24px\">Speciflcation:<\/span><\/strong><\/p>\n<p><span style=\"font-size:18px\">Model: K16<\/span><\/p>\n<p><span style=\"font-size:18px\"> Operating voltage: 3.7V<\/span><\/p>\n<p><span style=\"font-size:18px\">Product size: 16*16*5.4cm<\/span><\/p>\n<p><span style=\"font-size:18px\"> 2 models to choose from: rechargeable\/battery (to be provided)<\/span><\/p>\n<p><\/p>\n<p><strong><span style=\"font-size:24px\">Notice:<\/span><\/strong><\/p>\n<p><span style=\"font-size:18px\"> Due to manual measurement, there may be 1-2cm error.<\/span><\/p>\n<p><span style=\"font-size:18px\"> The product has two styles to choose from, rechargeable style and battery style, the battery style requires its own batteries and can not be recharged, please confirm the model number when purchasing.<\/span><\/p>\n<p><span style=\"font-size:18px\"> Rechargeable models of the sweeping robot, no need to add batteries in the back, only need to charge can be used normally, the first time you use the product if you can not work, please charge the work first, the power is full can be used normally!<\/span><\/p>\n<p><img decoding=\"async\" src=\"https:\/\/ae01.alicdn.com\/kf\/S09f4d5cd3944414eb07381864bc6fabal.jpg\" \/><\/p>\n<p><img fetchpriority=\"high\" decoding=\"async\" width=\"944\" height=\"944\" src=\"https:\/\/ae01.alicdn.com\/kf\/S5148661ca13344db97d4bea6a7a29e9fv.jpg\" \/><img decoding=\"async\" width=\"1000\" height=\"2027\" src=\"https:\/\/ae01.alicdn.com\/kf\/Sff74744ff131470f97c804fd396e2790v.jpg\" \/><img decoding=\"async\" width=\"944\" height=\"944\" src=\"https:\/\/ae01.alicdn.com\/kf\/S0626dd107b4046b8b91fbce20d10f864l.jpg\" \/><\/p>\n<p><img decoding=\"async\" src=\"https:\/\/ae01.alicdn.com\/kf\/S67858ccd200b491dba48ce3958724231E.jpg\" \/><img decoding=\"async\" src=\"https:\/\/ae01.alicdn.com\/kf\/Sb47c2618c2a947f3aec572f3da373b69w.jpg\" \/><\/p>\n<\/div>\n<\/div>\n<p><\/p>\n","protected":false},"excerpt":{"rendered":"<p>ESPECIFICA&Ccedil;&Otilde;ES Marca: keledi Origem:China continental Produto qu&iacute;mico relacionado ao Hign: Nenhum Certifica&ccedil;&atilde;o: CE Certifica&ccedil;&atilde;o: RoHS Escolha: sim &nbsp; Features\uff1a COMPACT BODY DESIGN: Small body, big function, mini size is more applicable, it can easily go in and out of all kinds of furniture crevices and clean the dead corners of hygiene. 3-in-1 Function:This sweeping robot [&hellip;]<\/p>\n","protected":false},"featured_media":6597,"comment_status":"open","ping_status":"closed","template":"","meta":[],"product_brand":[],"product_cat":[96],"product_tag":[],"class_list":{"0":"post-6610","1":"product","2":"type-product","3":"status-publish","4":"has-post-thumbnail","6":"product_cat-achadinhos-rubi","8":"first","9":"instock","10":"sale","11":"shipping-taxable","12":"purchasable","13":"product-type-simple"},"_links":{"self":[{"href":"https:\/\/boutiquerubifenix.com.br\/index.php\/wp-json\/wp\/v2\/product\/6610","targetHints":{"allow":["GET"]}}],"collection":[{"href":"https:\/\/boutiquerubifenix.com.br\/index.php\/wp-json\/wp\/v2\/product"}],"about":[{"href":"https:\/\/boutiquerubifenix.com.br\/index.php\/wp-json\/wp\/v2\/types\/product"}],"replies":[{"embeddable":true,"href":"https:\/\/boutiquerubifenix.com.br\/index.php\/wp-json\/wp\/v2\/comments?post=6610"}],"wp:featuredmedia":[{"embeddable":true,"href":"https:\/\/boutiquerubifenix.com.br\/index.php\/wp-json\/wp\/v2\/media\/6597"}],"wp:attachment":[{"href":"https:\/\/boutiquerubifenix.com.br\/index.php\/wp-json\/wp\/v2\/media?parent=6610"}],"wp:term":[{"taxonomy":"product_brand","embeddable":true,"href":"https:\/\/boutiquerubifenix.com.br\/index.php\/wp-json\/wp\/v2\/product_brand?post=6610"},{"taxonomy":"product_cat","embeddable":true,"href":"https:\/\/boutiquerubifenix.com.br\/index.php\/wp-json\/wp\/v2\/product_cat?post=6610"},{"taxonomy":"product_tag","embeddable":true,"href":"https:\/\/boutiquerubifenix.com.br\/index.php\/wp-json\/wp\/v2\/product_tag?post=6610"}],"curies":[{"name":"wp","href":"https:\/\/api.w.org\/{rel}","templated":true}]}}