{"id":6334,"date":"2024-11-21T09:47:32","date_gmt":"2024-11-21T12:47:32","guid":{"rendered":"https:\/\/boutiquerubifenix.com.br\/index.php\/produto\/vestido-moda-verao-decote-em-v-tres-quater-manga-algodao-linho\/"},"modified":"2024-11-21T09:49:55","modified_gmt":"2024-11-21T12:49:55","slug":"vestido-moda-verao-decote-em-v-tres-quater-manga-algodao-linho","status":"publish","type":"product","link":"https:\/\/boutiquerubifenix.com.br\/index.php\/produto\/vestido-moda-verao-decote-em-v-tres-quater-manga-algodao-linho\/","title":{"rendered":"Vestido Moda Ver\u00e3o Decote Em V Tr\u00eas Quater Manga Algod\u00e3o Linho"},"content":{"rendered":"<h1>&nbsp;<\/h1>\n<p>ESPECIFICA&Ccedil;&Otilde;ES<\/p>\n<p>Marca: NoEnName_Null<\/p>\n<p>Elasticidade: N&atilde;o Strech<\/p>\n<p>Estilo da manga: regular<\/p>\n<p>Tipo de tecido: JERSEY<\/p>\n<p>Produto qu&iacute;mico relacionado ao Hign: nenhum<\/p>\n<p>Tipo de padr&atilde;o: S&oacute;lido<\/p>\n<p>Tipo de ajuste: Regulai Fit<\/p>\n<p>Silhueta: SOLTA<\/p>\n<p>Decote: Decote em V<\/p>\n<p>Decora&ccedil;&atilde;o: Bolsos<\/p>\n<p>Estilo: Casual<\/p>\n<p>Comprimento dos vestidos: Joelho-comprimento<\/p>\n<p>Material: POLI&Eacute;STER<\/p>\n<p>Idade: MEIA-IDADE<\/p>\n<p>Origem:China continental<\/p>\n<p>CN: Guangdong<\/p>\n<p>Temporada: Ver&atilde;o<\/p>\n<p>N&uacute;mero do modelo: ST24056<\/p>\n<p>G&ecirc;nero: MULHERES<\/p>\n<p>Escolha: sim<\/p>\n<p><img decoding=\"async\" src=\"https:\/\/ae01.alicdn.com\/kf\/S58831850bdfb4b308460c633560de10cZ.png\" \/><img decoding=\"async\" src=\"https:\/\/ae01.alicdn.com\/kf\/Sc58f6f78ce314b218b7a19470398b64eD.png\" \/><img decoding=\"async\" src=\"https:\/\/ae01.alicdn.com\/kf\/S3a7868cfe1ec42bf89dc5aadf933ef2cv.png\" \/><img decoding=\"async\" src=\"https:\/\/ae01.alicdn.com\/kf\/Scfa34ff1f68f4c649b8db2f91dda1f63s.png\" \/><img decoding=\"async\" src=\"https:\/\/ae01.alicdn.com\/kf\/S7ffc8d59772f44e8a0441bc8e07b48182.png\" \/><img decoding=\"async\" src=\"https:\/\/ae01.alicdn.com\/kf\/S5dbf5e0214ab49eabc038afde282ba16e.png\" \/><img decoding=\"async\" src=\"https:\/\/ae01.alicdn.com\/kf\/Se0e7571322d444cda8cb942f8ddd2eaap.png\" \/><img decoding=\"async\" src=\"https:\/\/ae01.alicdn.com\/kf\/S7a421bbf4ef943a3a8cb854036b9a055k.png\" \/><img decoding=\"async\" src=\"https:\/\/ae01.alicdn.com\/kf\/S85b7af4a5cb844ec92aedcfd15fcc413i.png\" \/><img decoding=\"async\" src=\"https:\/\/ae01.alicdn.com\/kf\/Sf5c460ff75844619a201dac018a7e98cB.png\" \/><img decoding=\"async\" src=\"https:\/\/ae01.alicdn.com\/kf\/Sfc034e140b744b6485c46471423fcb5bB.png\" \/><img decoding=\"async\" src=\"https:\/\/ae01.alicdn.com\/kf\/S3267156d1f5a4510b3b6917ef01c5a82Z.png\" \/><img decoding=\"async\" src=\"https:\/\/ae01.alicdn.com\/kf\/Sf15b42715d5340598f16a2a2a550ebc0A.png\" \/><img decoding=\"async\" src=\"https:\/\/ae01.alicdn.com\/kf\/S0e87e31159164d299d59f342c7325dd5A.png\" \/><img decoding=\"async\" src=\"https:\/\/ae01.alicdn.com\/kf\/S0879a2530b514270bf6025b141598224W.png\" \/><img decoding=\"async\" src=\"https:\/\/ae01.alicdn.com\/kf\/S7629f766d6994b1fabab96426fae9979j.png\" \/><\/p>\n","protected":false},"excerpt":{"rendered":"<p>&nbsp; ESPECIFICA&Ccedil;&Otilde;ES Marca: NoEnName_Null Elasticidade: N&atilde;o Strech Estilo da manga: regular Tipo de tecido: JERSEY Produto qu&iacute;mico relacionado ao Hign: nenhum Tipo de padr&atilde;o: S&oacute;lido Tipo de ajuste: Regulai Fit Silhueta: SOLTA Decote: Decote em V Decora&ccedil;&atilde;o: Bolsos Estilo: Casual Comprimento dos vestidos: Joelho-comprimento Material: POLI&Eacute;STER Idade: MEIA-IDADE Origem:China continental CN: Guangdong Temporada: Ver&atilde;o N&uacute;mero [&hellip;]<\/p>\n","protected":false},"featured_media":6333,"comment_status":"open","ping_status":"closed","template":"","meta":[],"product_brand":[],"product_cat":[31],"product_tag":[],"class_list":{"0":"post-6334","1":"product","2":"type-product","3":"status-publish","4":"has-post-thumbnail","6":"product_cat-roupas","8":"first","9":"instock","10":"shipping-taxable","11":"purchasable","12":"product-type-variable"},"_links":{"self":[{"href":"https:\/\/boutiquerubifenix.com.br\/index.php\/wp-json\/wp\/v2\/product\/6334","targetHints":{"allow":["GET"]}}],"collection":[{"href":"https:\/\/boutiquerubifenix.com.br\/index.php\/wp-json\/wp\/v2\/product"}],"about":[{"href":"https:\/\/boutiquerubifenix.com.br\/index.php\/wp-json\/wp\/v2\/types\/product"}],"replies":[{"embeddable":true,"href":"https:\/\/boutiquerubifenix.com.br\/index.php\/wp-json\/wp\/v2\/comments?post=6334"}],"wp:featuredmedia":[{"embeddable":true,"href":"https:\/\/boutiquerubifenix.com.br\/index.php\/wp-json\/wp\/v2\/media\/6333"}],"wp:attachment":[{"href":"https:\/\/boutiquerubifenix.com.br\/index.php\/wp-json\/wp\/v2\/media?parent=6334"}],"wp:term":[{"taxonomy":"product_brand","embeddable":true,"href":"https:\/\/boutiquerubifenix.com.br\/index.php\/wp-json\/wp\/v2\/product_brand?post=6334"},{"taxonomy":"product_cat","embeddable":true,"href":"https:\/\/boutiquerubifenix.com.br\/index.php\/wp-json\/wp\/v2\/product_cat?post=6334"},{"taxonomy":"product_tag","embeddable":true,"href":"https:\/\/boutiquerubifenix.com.br\/index.php\/wp-json\/wp\/v2\/product_tag?post=6334"}],"curies":[{"name":"wp","href":"https:\/\/api.w.org\/{rel}","templated":true}]}}