{"id":6202,"date":"2024-11-13T14:29:29","date_gmt":"2024-11-13T17:29:29","guid":{"rendered":"https:\/\/boutiquerubifenix.com.br\/index.php\/produto\/oculos-de-sol-para-mulheres-elegantes-e-versateis-de-conducao-resistentes-aos-raios-uv\/"},"modified":"2024-11-13T14:30:49","modified_gmt":"2024-11-13T17:30:49","slug":"oculos-de-sol-para-mulheres-elegantes-e-versateis-de-conducao-resistentes-aos-raios-uv","status":"publish","type":"product","link":"https:\/\/boutiquerubifenix.com.br\/index.php\/produto\/oculos-de-sol-para-mulheres-elegantes-e-versateis-de-conducao-resistentes-aos-raios-uv\/","title":{"rendered":"\u00d3culos de sol para mulheres, elegantes e vers\u00e1teis de condu\u00e7\u00e3o resistentes aos raios UV"},"content":{"rendered":"<h1>&nbsp;<\/h1>\n<p>ESPECIFICA&Ccedil;&Otilde;ES<\/p>\n<p>Nome da marca: MOONBIFFY<\/p>\n<p>Origem:China continental<\/p>\n<p>Cen&aacute;rios aplic&aacute;veis: ao ar livre<\/p>\n<p>G&ecirc;nero: MULHERES<\/p>\n<p>Tipo de estilo: LADO<\/p>\n<p>N&uacute;mero do modelo: 1<\/p>\n<p>Tipo de Item: &Oacute;CULOS<\/p>\n<p>Tipo de produto: &Oacute;culos de sol da moda<\/p>\n<p>Nome do departamento: ADULTO<\/p>\n<p>Material da arma&ccedil;&atilde;o: Policarbonato<\/p>\n<p>Tipo de elemento: Basic Classic<\/p>\n<p>Produto qu&iacute;mico relacionado ao Hign: nenhum<\/p>\n<p>Material das lentes: Policarbonato<\/p>\n<p>Atributo &oacute;ptico das lentes: UV400<\/p>\n<div class=\"detailmodule_html\">\n<div class=\"detail-desc-decorate-richtext\">\n<div id=\"offer-template-0\">&nbsp;<\/div>\n<div style=\"width: 790.0px\">\n<p><img decoding=\"async\" src=\"https:\/\/ae01.alicdn.com\/kf\/S914953333e0e4675988aff4ef08d748cA.jpg?width=790&amp;height=680&amp;hash=1470\" style=\"width: 100.0%;height: auto\" usemap=\"#_sdmap_3\"> <img decoding=\"async\" src=\"https:\/\/ae01.alicdn.com\/kf\/Sb6c83dcedc494e8392fb8ff7dbc25a01p.jpg?width=790&amp;height=1097&amp;hash=1887\" style=\"width: 100.0%;height: auto\" usemap=\"#_sdmap_4\"> <img decoding=\"async\" src=\"https:\/\/ae01.alicdn.com\/kf\/S66a8fa206acc4fc2b2536f869090f9b9X.jpg?width=790&amp;height=822&amp;hash=1612\" style=\"width: 100.0%;height: auto\" usemap=\"#_sdmap_5\"> <img decoding=\"async\" src=\"https:\/\/ae01.alicdn.com\/kf\/Sdef512a730dc4c418fd4c7869eb5fab86.jpg?width=790&amp;height=886&amp;hash=1676\" style=\"width: 100.0%;height: auto\" usemap=\"#_sdmap_6\"> <img decoding=\"async\" src=\"https:\/\/ae01.alicdn.com\/kf\/S9657367c75094a55acf5bc5801de48a1R.jpg?width=790&amp;height=1277&amp;hash=2067\" style=\"width: 100.0%;height: auto\" usemap=\"#_sdmap_7\"> <img decoding=\"async\" src=\"https:\/\/ae01.alicdn.com\/kf\/Sa3bf5293c33644f994686e2b8793e8a2v.jpg\" style=\"width: 100.0%;height: auto\" usemap=\"#_sdmap_8\"> <img decoding=\"async\" src=\"https:\/\/ae01.alicdn.com\/kf\/Sc40be8f155c5474b985bd9956bd54d5eV.jpg?width=790&amp;height=955&amp;hash=1745\" style=\"width: 100.0%;height: auto\" usemap=\"#_sdmap_9\"> <img decoding=\"async\" src=\"https:\/\/ae01.alicdn.com\/kf\/S9d053e92b0a64be180978beb36ece1bbZ.jpg?width=790&amp;height=812&amp;hash=1602\" style=\"width: 100.0%;height: auto\" usemap=\"#_sdmap_10\"> <img decoding=\"async\" src=\"https:\/\/ae01.alicdn.com\/kf\/S151c1b42bb2d4bb08fbeb92c2b213316n.jpg?width=790&amp;height=992&amp;hash=1782\" style=\"width: 100.0%;height: auto\" usemap=\"#_sdmap_11\"> <img decoding=\"async\" src=\"https:\/\/ae01.alicdn.com\/kf\/Sb35c6abae48c4b68997b0732bfbff2e4M.jpg?width=790&amp;height=1130&amp;hash=1920\" style=\"width: 100.0%;height: auto\" usemap=\"#_sdmap_12\"> <img decoding=\"async\" src=\"https:\/\/ae01.alicdn.com\/kf\/S7b932a0ee9e34c0681a976a6c9a9d9562.jpg?width=790&amp;height=1120&amp;hash=1910\" style=\"width: 100.0%;height: auto\" usemap=\"#_sdmap_13\"> <img decoding=\"async\" src=\"https:\/\/ae01.alicdn.com\/kf\/Scce8a8b156e644ca84a4c1f3323f7ec6O.jpg?width=790&amp;height=1150&amp;hash=1940\" style=\"width: 100.0%;height: auto\" usemap=\"#_sdmap_14\"> <img decoding=\"async\" src=\"https:\/\/ae01.alicdn.com\/kf\/Sc4c415411f674651a073fa916b49aa00L.jpg?width=790&amp;height=1087&amp;hash=1877\" style=\"width: 100.0%;height: auto\" usemap=\"#_sdmap_15\"> <img decoding=\"async\" src=\"https:\/\/ae01.alicdn.com\/kf\/Sa9242324c69649fcaddd91eb6596cfbef.jpg?width=790&amp;height=1143&amp;hash=1933\" style=\"width: 100.0%;height: auto\" usemap=\"#_sdmap_16\"><\/div>\n<\/div>\n<\/div>\n","protected":false},"excerpt":{"rendered":"<p>&nbsp; ESPECIFICA&Ccedil;&Otilde;ES Nome da marca: MOONBIFFY Origem:China continental Cen&aacute;rios aplic&aacute;veis: ao ar livre G&ecirc;nero: MULHERES Tipo de estilo: LADO N&uacute;mero do modelo: 1 Tipo de Item: &Oacute;CULOS Tipo de produto: &Oacute;culos de sol da moda Nome do departamento: ADULTO Material da arma&ccedil;&atilde;o: Policarbonato Tipo de elemento: Basic Classic Produto qu&iacute;mico relacionado ao Hign: nenhum Material [&hellip;]<\/p>\n","protected":false},"featured_media":6201,"comment_status":"open","ping_status":"closed","template":"","meta":[],"product_brand":[],"product_cat":[34],"product_tag":[],"class_list":{"0":"post-6202","1":"product","2":"type-product","3":"status-publish","4":"has-post-thumbnail","6":"product_cat-acessorios","8":"first","9":"instock","10":"shipping-taxable","11":"purchasable","12":"product-type-variable"},"_links":{"self":[{"href":"https:\/\/boutiquerubifenix.com.br\/index.php\/wp-json\/wp\/v2\/product\/6202","targetHints":{"allow":["GET"]}}],"collection":[{"href":"https:\/\/boutiquerubifenix.com.br\/index.php\/wp-json\/wp\/v2\/product"}],"about":[{"href":"https:\/\/boutiquerubifenix.com.br\/index.php\/wp-json\/wp\/v2\/types\/product"}],"replies":[{"embeddable":true,"href":"https:\/\/boutiquerubifenix.com.br\/index.php\/wp-json\/wp\/v2\/comments?post=6202"}],"wp:featuredmedia":[{"embeddable":true,"href":"https:\/\/boutiquerubifenix.com.br\/index.php\/wp-json\/wp\/v2\/media\/6201"}],"wp:attachment":[{"href":"https:\/\/boutiquerubifenix.com.br\/index.php\/wp-json\/wp\/v2\/media?parent=6202"}],"wp:term":[{"taxonomy":"product_brand","embeddable":true,"href":"https:\/\/boutiquerubifenix.com.br\/index.php\/wp-json\/wp\/v2\/product_brand?post=6202"},{"taxonomy":"product_cat","embeddable":true,"href":"https:\/\/boutiquerubifenix.com.br\/index.php\/wp-json\/wp\/v2\/product_cat?post=6202"},{"taxonomy":"product_tag","embeddable":true,"href":"https:\/\/boutiquerubifenix.com.br\/index.php\/wp-json\/wp\/v2\/product_tag?post=6202"}],"curies":[{"name":"wp","href":"https:\/\/api.w.org\/{rel}","templated":true}]}}