{"id":6096,"date":"2024-10-21T17:47:33","date_gmt":"2024-10-21T20:47:33","guid":{"rendered":"https:\/\/boutiquerubifenix.com.br\/index.php\/produto\/13-pcs-pinceis-de-maquiagem-conjunto-sombra-de-olho-fundacao-feminino-escova-cosmetica-sombra-blush-beleza-macio-compoem-ferramentas-saco\/"},"modified":"2024-11-12T09:18:10","modified_gmt":"2024-11-12T12:18:10","slug":"13-pcs-pinceis-de-maquiagem-conjunto-sombra-de-olho-fundacao-feminino-escova-cosmetica-sombra-blush-beleza-macio-compoem-ferramentas-saco","status":"publish","type":"product","link":"https:\/\/boutiquerubifenix.com.br\/index.php\/produto\/13-pcs-pinceis-de-maquiagem-conjunto-sombra-de-olho-fundacao-feminino-escova-cosmetica-sombra-blush-beleza-macio-compoem-ferramentas-saco\/","title":{"rendered":"13 p\u00e7s pinc\u00e9is de maquiagem conjunto sombra de olho funda\u00e7\u00e3o feminino escova cosm\u00e9tica sombra blush beleza macio comp\u00f5em ferramentas saco"},"content":{"rendered":"<h1>SPECIFICATIONS<\/h1>\n<p><\/br><\/p>\n<p><span>Brand Name<\/span>: <span style=\"color:#333\">NoEnName_Null<\/span><\/p>\n<p><span>Quantity<\/span>: <span style=\"color:#333\">13 pcs<\/span><\/p>\n<p><span>Hign-concerned Chemical<\/span>: <span style=\"color:#333\">None<\/span><\/p>\n<p><span>Origin<\/span>: <span style=\"color:#333\">Mainland China<\/span><\/p>\n<p><span>Brush Material<\/span>: <span style=\"color:#333\">Nylon<\/span><\/p>\n<p><span>Handle Material<\/span>: <span style=\"color:#333\">Plastic<\/span><\/p>\n<p><span>Item Type<\/span>: <span style=\"color:#333\">MAKEUP BRUSH<\/span><\/p>\n<p><span>Number of Pieces<\/span>: <span style=\"color:#333\">COMBO<\/span><\/p>\n<p><span>Choice<\/span>: <span style=\"color:#333\">yes<\/span><\/p>\n<p><\/br><\/p>\n<div class=\"detailmodule_html\">\n<div class=\"detail-desc-decorate-richtext\">\n<div class=\"ai-description\">\n<div class=\"origin-part box-sizing\">\n<p style=\", sans-serif;font-size:14px;font-weight:400;letter-spacing:normal;line-height:inherit;text-align:start;margin:0px;margin-bottom:0px;margin-top:0px;margin-left:0px;margin-right:0px;padding:0px;padding-bottom:0px;padding-top:0px;padding-left:0px;padding-right:0px\" align=\"start\"><span><strong>\u2022 13 PCS Makeup Brushes Set :<\/strong><\/span><span>This set includes 13 different brushes, providing a variety of options for your makeup needs.<\/span><\/p>\n<p><\/p>\n<p style=\", sans-serif;font-size:14px;font-weight:400;letter-spacing:normal;line-height:inherit;text-align:start;margin:0px;margin-bottom:0px;margin-top:0px;margin-left:0px;margin-right:0px;padding:0px;padding-bottom:0px;padding-top:0px;padding-left:0px;padding-right:0px\" align=\"start\"><span><strong>\u2022 Soft Make Up Tools :<\/strong><\/span><span>The brushes are made with soft materials, ensuring a gentle application of makeup.<\/span><\/p>\n<p><\/p>\n<p style=\", sans-serif;font-size:14px;font-weight:400;letter-spacing:normal;line-height:inherit;text-align:start;margin:0px;margin-bottom:0px;margin-top:0px;margin-left:0px;margin-right:0px;padding:0px;padding-bottom:0px;padding-top:0px;padding-left:0px;padding-right:0px\" align=\"start\"><span><strong>\u2022 Eye Shadow Foundation Women Cosmetic Brush :<\/strong><\/span><span>This brush set is specifically designed for women, with brushes that are perfect for applying eye shadow and foundation.<\/span><\/p>\n<p><\/p>\n<p style=\", sans-serif;font-size:14px;font-weight:400;letter-spacing:normal;line-height:inherit;text-align:start;margin:0px;margin-bottom:0px;margin-top:0px;margin-left:0px;margin-right:0px;padding:0px;padding-bottom:0px;padding-top:0px;padding-left:0px;padding-right:0px\" align=\"start\"><span><strong>\u2022 Eyeshadow Blush Beauty :<\/strong><\/span><span>The brushes in this set are perfect for creating a variety of makeup looks, from subtle to bold.<\/span><\/p>\n<p><\/p>\n<\/div>\n<\/div>\n<div><span style=\"font-size:14px;font-family:opensans\"><span style=\"font-size:22px;font-family:arial\">13 PCs makeup brushes set eye shadow Foundation Women cosmetic brush eyeshadow blush beauty soft make up tools bag<\/span><\/span><\/div>\n<div style=\", roboto, arial, helvetica, sans-serif, simsun;font-size:14px;font-weight:400;letter-spacing:normal;text-align:center;margin:0px;margin-bottom:0px;margin-top:0px;margin-left:0px;margin-right:0px;padding:0px;padding-bottom:0px;padding-top:0px;padding-left:0px;padding-right:0px\" align=\"center\"><span style=\"font-size:14px;font-family:opensans\"><span style=\"font-size:22px;font-family:arial\">Set of 13 brushes, including foundation brush, makeup brush, shadow brush, blush brush, eye shadow brush, lip brush, etc.<\/span><\/span><\/div>\n<div style=\", roboto, arial, helvetica, sans-serif, simsun;font-size:14px;font-weight:400;letter-spacing:normal;text-align:center;margin:0px;margin-bottom:0px;margin-top:0px;margin-left:0px;margin-right:0px;padding:0px;padding-bottom:0px;padding-top:0px;padding-left:0px;padding-right:0px\" align=\"center\"><span style=\"font-size:14px;font-family:opensans\"><span style=\"font-size:22px;font-family:arial\">Soft and fine artificial fibers reduce damage to the skin.<\/span><\/span><\/div>\n<div style=\", roboto, arial, helvetica, sans-serif, simsun;font-size:14px;font-weight:400;letter-spacing:normal;text-align:center;margin:0px;margin-bottom:0px;margin-top:0px;margin-left:0px;margin-right:0px;padding:0px;padding-bottom:0px;padding-top:0px;padding-left:0px;padding-right:0px\" align=\"center\"><span style=\"font-size:14px;font-family:opensans\"><span style=\"font-size:22px;font-family:arial\">Plastic handle and aluminum tube, durable cosmetic brush.<\/span><\/span><\/div>\n<div style=\", roboto, arial, helvetica, sans-serif, simsun;font-size:14px;font-weight:400;letter-spacing:normal;text-align:center;margin:0px;margin-bottom:0px;margin-top:0px;margin-left:0px;margin-right:0px;padding:0px;padding-bottom:0px;padding-top:0px;padding-left:0px;padding-right:0px\" align=\"center\"><span style=\"font-size:14px;font-family:opensans\"><span style=\"font-size:22px;font-family:arial\">Easy to clean , not easy to shed hair.<\/span><\/span><\/div>\n<p><\/p>\n<div style=\", roboto, arial, helvetica, sans-serif, simsun;font-size:14px;font-weight:400;letter-spacing:normal;text-align:center;margin:0px;margin-bottom:0px;margin-top:0px;margin-left:0px;margin-right:0px;padding:0px;padding-bottom:0px;padding-top:0px;padding-left:0px;padding-right:0px\" align=\"center\"><img decoding=\"async\" src=\"https:\/\/ae01.alicdn.com\/kf\/S5dbd54cdc7884bbdb0e8436de7af6d04X.jpg\" \/><img decoding=\"async\" src=\"https:\/\/ae01.alicdn.com\/kf\/S364b3ba747314a4b8bdd711e67269749e.jpg\" \/><img decoding=\"async\" src=\"https:\/\/ae01.alicdn.com\/kf\/Se29b133d82a34c1db36215a5dac6791dG.jpg\" \/><img decoding=\"async\" src=\"https:\/\/ae01.alicdn.com\/kf\/Sa53ce746a866494985121c71699233f45.jpg\" \/><img decoding=\"async\" src=\"https:\/\/ae01.alicdn.com\/kf\/Sb94a9cb2bbe248788d307f0a29da29ab2.jpg\" \/><img decoding=\"async\" src=\"https:\/\/ae01.alicdn.com\/kf\/S33c758242f594bd0b488fae8fa7d84a3o.jpg\" \/><img decoding=\"async\" src=\"https:\/\/ae01.alicdn.com\/kf\/S6bd17507deb04486abb7e0e695acca22K.jpg\" \/><img decoding=\"async\" src=\"https:\/\/ae01.alicdn.com\/kf\/Sf8c4baf8ac884e798d674df81d5a2c71b.jpg\" \/><img decoding=\"async\" src=\"https:\/\/ae01.alicdn.com\/kf\/S722bc58b12174326a138fa5609020ee85.jpg\" \/><\/div>\n<p><\/p>\n<\/div>\n<\/div>\n<p><\/p>\n","protected":false},"excerpt":{"rendered":"<p>SPECIFICATIONS Brand Name: NoEnName_Null Quantity: 13 pcs Hign-concerned Chemical: None Origin: Mainland China Brush Material: Nylon Handle Material: Plastic Item Type: MAKEUP BRUSH Number of Pieces: COMBO Choice: yes \u2022 13 PCS Makeup Brushes Set :This set includes 13 different brushes, providing a variety of options for your makeup needs. \u2022 Soft Make Up Tools [&hellip;]<\/p>\n","protected":false},"featured_media":6095,"comment_status":"open","ping_status":"closed","template":"","meta":[],"product_brand":[],"product_cat":[15,30],"product_tag":[],"class_list":{"0":"post-6096","1":"product","2":"type-product","3":"status-publish","4":"has-post-thumbnail","6":"product_cat-sem-categoria","7":"product_cat-maquiagem","9":"first","10":"instock","11":"shipping-taxable","12":"purchasable","13":"product-type-variable"},"_links":{"self":[{"href":"https:\/\/boutiquerubifenix.com.br\/index.php\/wp-json\/wp\/v2\/product\/6096","targetHints":{"allow":["GET"]}}],"collection":[{"href":"https:\/\/boutiquerubifenix.com.br\/index.php\/wp-json\/wp\/v2\/product"}],"about":[{"href":"https:\/\/boutiquerubifenix.com.br\/index.php\/wp-json\/wp\/v2\/types\/product"}],"replies":[{"embeddable":true,"href":"https:\/\/boutiquerubifenix.com.br\/index.php\/wp-json\/wp\/v2\/comments?post=6096"}],"wp:featuredmedia":[{"embeddable":true,"href":"https:\/\/boutiquerubifenix.com.br\/index.php\/wp-json\/wp\/v2\/media\/6095"}],"wp:attachment":[{"href":"https:\/\/boutiquerubifenix.com.br\/index.php\/wp-json\/wp\/v2\/media?parent=6096"}],"wp:term":[{"taxonomy":"product_brand","embeddable":true,"href":"https:\/\/boutiquerubifenix.com.br\/index.php\/wp-json\/wp\/v2\/product_brand?post=6096"},{"taxonomy":"product_cat","embeddable":true,"href":"https:\/\/boutiquerubifenix.com.br\/index.php\/wp-json\/wp\/v2\/product_cat?post=6096"},{"taxonomy":"product_tag","embeddable":true,"href":"https:\/\/boutiquerubifenix.com.br\/index.php\/wp-json\/wp\/v2\/product_tag?post=6096"}],"curies":[{"name":"wp","href":"https:\/\/api.w.org\/{rel}","templated":true}]}}