{"id":5380,"date":"2024-04-19T22:25:48","date_gmt":"2024-04-20T01:25:48","guid":{"rendered":"https:\/\/boutiquerubifenix.com.br\/index.php\/produto\/poedagar-relogio-de-luxo-para-homem-elegante-data-semana-a-prova-dwaterproof-agua-luminosa-relogio-quartzo-aco-inoxidavel-esportes-2\/"},"modified":"2024-04-19T22:29:07","modified_gmt":"2024-04-20T01:29:07","slug":"poedagar-relogio-de-luxo-para-homem-elegante-data-semana-a-prova-dwaterproof-agua-luminosa-relogio-quartzo-aco-inoxidavel-esportes-2","status":"publish","type":"product","link":"https:\/\/boutiquerubifenix.com.br\/index.php\/produto\/poedagar-relogio-de-luxo-para-homem-elegante-data-semana-a-prova-dwaterproof-agua-luminosa-relogio-quartzo-aco-inoxidavel-esportes-2\/","title":{"rendered":"Poedagar rel\u00f3gio de luxo para homem elegante data semana \u00e0 prova dwaterproof \u00e1gua luminosa rel\u00f3gio quartzo a\u00e7o inoxid\u00e1vel esportes"},"content":{"rendered":"<h1>&nbsp;<\/h1>\n<pre>\nESPECIFICA&Ccedil;&Otilde;ES\n\n\nMarca: POEDAGAR\n\nTipo de material da pulseira: A&Ccedil;O INOXID&Aacute;VEL\n\nComprimento da banda: 23\n\nEstilo: moda e casual\n\nTipo de fecho: fecho oculto com bot&atilde;o de press&atilde;o\n\nOrigem: China Continental\n\nMovimento: Quartzo\n\nProfundidade de resist&ecirc;ncia &agrave; &aacute;gua: 3Bar\n\nMaterial da caixa: A&Ccedil;O INOXID&Aacute;VEL\n\nEspessura da caixa: 11,5\n\nMaterial das Caixas e Estojos: Papel\n\nN&uacute;mero do modelo: 936\n\nLargura de banda: 20\n\nMat&eacute;ria: Luminoso\n\nRecurso: Data Autom&aacute;tica\n\nRecurso: Calend&aacute;rio Completo\n\nMat&eacute;ria: MERGULHADOR\n\nMat&eacute;ria: Resistente &agrave; &Aacute;gua\n\nCaracter&iacute;stica: nadar\n\nRecurso: Exibi&ccedil;&atilde;o Semanal\n\nCaracter&iacute;stica: m&atilde;os luminosas\n\nDi&acirc;metro do mostrador: 41\n\nCertifica&ccedil;&atilde;o: CE\n\nFormato da caixa: redondo\n\nTipo de material da janela de discagem: Hardlex\n\nTipo de item: Rel&oacute;gios de pulso de quartzo<\/pre>\n<pre>\n\n&nbsp;<\/pre>\n<p><img decoding=\"async\" alt=\"\u00cdcone &quot;Verificada pela comunidade&quot;\" src=\"image\/png;base64,iVBORw0KGgoAAAANSUhEUgAAABQAAAAUCAQAAAAngNWGAAAA\/0lEQVR4AYXNMSiEcRyA4cfmGHQbCZIipkuxnJgMStlMNmeyD2dwmc8+sZgxYJd9ErIZFHUyYYD7fkr6l4\/rnvmtl7+KitrqV\/fq2Y5eLY3Z9S48eRLe7BmVZ9qhTLhQ0algzZWQOVKSsCF8OjAnwbxDTWFDUhPK\/jMr1H6HE\/IqRky2DyvCefuwItwZzodVoYRiLqMkVCXrwpJ9twZ+sgfDYEFYl8wIWxZ9uFf7zkallxlJh4YrLGsKjZRx7VGHhLqwgFUN45DGdb8MeXGpgB4ABZdeDcpZEY51A+hyLKz4S1W4MQWm3AibWtgWmk6dyISa1pSdyWTOlLXVp0+eL9D\/ZPfBTNanAAAAAElFTkSuQmCC\" style=\"height:16px;width:16px\" \/><\/p>\n<h1 style=\", Roboto, Arial, Helvetica, sans-serif, SimSun;font-size:14px;font-weight:400;letter-spacing:normal;line-height:inherit;text-align:start;margin:0px;margin-bottom:0px;margin-top:0px;margin-left:0px;margin-right:0px;padding:0px;padding-bottom:0px;padding-top:0px;padding-left:0px;padding-right:0px\" align=\"start\"><span style=\"font-size:22px\"><strong>Package Included:<\/strong><\/span><\/h1>\n<p style=\", Roboto, Arial, Helvetica, sans-serif, SimSun;font-size:14px;font-weight:400;letter-spacing:normal;line-height:inherit;text-align:start;margin:0px;margin-bottom:0px;margin-top:0px;margin-left:0px;margin-right:0px;padding:0px;padding-bottom:0px;padding-top:0px;padding-left:0px;padding-right:0px\" align=\"start\"><span style=\"font-size:16px\">1 x POEDAGAR Clock<\/span><\/p>\n<p style=\", Roboto, Arial, Helvetica, sans-serif, SimSun;font-size:14px;font-weight:400;letter-spacing:normal;line-height:inherit;text-align:start;margin:0px;margin-bottom:0px;margin-top:0px;margin-left:0px;margin-right:0px;padding:0px;padding-bottom:0px;padding-top:0px;padding-left:0px;padding-right:0px\" align=\"start\"><span style=\"font-size:16px\">1 x POEDAGAR Box<\/span><\/p>\n<p style=\", Roboto, Arial, Helvetica, sans-serif, SimSun;font-size:14px;font-weight:400;letter-spacing:normal;line-height:inherit;text-align:start;margin:0px;margin-bottom:0px;margin-top:0px;margin-left:0px;margin-right:0px;padding:0px;padding-bottom:0px;padding-top:0px;padding-left:0px;padding-right:0px\" align=\"start\"><span style=\"font-size:16px\">1 x Watchband adjust tool<\/span><\/p>\n<p style=\", Roboto, Arial, Helvetica, sans-serif, SimSun;font-size:14px;font-weight:400;letter-spacing:normal;line-height:inherit;text-align:start;margin:0px;margin-bottom:0px;margin-top:0px;margin-left:0px;margin-right:0px;padding:0px;padding-bottom:0px;padding-top:0px;padding-left:0px;padding-right:0px\" align=\"start\"><span style=\"font-size:16px\">1 x Watch wipe<\/span><\/p>\n<p style=\", Roboto, Arial, Helvetica, sans-serif, SimSun;font-size:14px;font-weight:400;letter-spacing:normal;line-height:inherit;text-align:start;margin:0px;margin-bottom:0px;margin-top:0px;margin-left:0px;margin-right:0px;padding:0px;padding-bottom:0px;padding-top:0px;padding-left:0px;padding-right:0px\" align=\"start\"><span style=\"font-size:16px\">1 x Warranty card<\/span><\/p>\n<p style=\", Roboto, Arial, Helvetica, sans-serif, SimSun;font-size:14px;font-weight:400;letter-spacing:normal;line-height:inherit;text-align:start;margin:0px;margin-bottom:0px;margin-top:0px;margin-left:0px;margin-right:0px;padding:0px;padding-bottom:0px;padding-top:0px;padding-left:0px;padding-right:0px\" align=\"start\"><\/p>\n<h1 style=\", Roboto, Arial, Helvetica, sans-serif, SimSun;font-size:14px;font-weight:400;letter-spacing:normal;line-height:inherit;text-align:start;margin:0px;margin-bottom:0px;margin-top:0px;margin-left:0px;margin-right:0px;padding:0px;padding-bottom:0px;padding-top:0px;padding-left:0px;padding-right:0px\" align=\"start\"><span style=\"font-size:22px\"><strong>After-Sales Service:<\/strong><\/span><\/h1>\n<p style=\", Roboto, Arial, Helvetica, sans-serif, SimSun;font-size:14px;font-weight:400;letter-spacing:normal;line-height:inherit;text-align:start;margin:0px;margin-bottom:0px;margin-top:0px;margin-left:0px;margin-right:0px;padding:0px;padding-bottom:0px;padding-top:0px;padding-left:0px;padding-right:0px\" align=\"start\"><span style=\"font-size:16px\">If you have any questions, please contact us by email, we will try our best to deal with it for you.We will reply within 24 hours.<\/span><\/p>\n<p style=\", Roboto, Arial, Helvetica, sans-serif, SimSun;font-size:14px;font-weight:400;letter-spacing:normal;line-height:inherit;text-align:start;margin:0px;margin-bottom:0px;margin-top:0px;margin-left:0px;margin-right:0px;padding:0px;padding-bottom:0px;padding-top:0px;padding-left:0px;padding-right:0px\" align=\"start\"><span style=\"font-size:16px\"><\/span><img decoding=\"async\" src=\"https:\/\/ae01.alicdn.com\/kf\/S54bbc1be8258438e98c3672f9464ade1Y.jpg\" \/><span style=\"font-size:16px\"><\/span><img decoding=\"async\" src=\"https:\/\/ae01.alicdn.com\/kf\/S14c54e67b78f4d76802087d9abd167ed0.jpg\" \/><span style=\"font-size:16px\"><\/span><img decoding=\"async\" src=\"https:\/\/ae01.alicdn.com\/kf\/S293c06cb83bc41749d0d9167f173c5aco.jpg\" \/><span style=\"font-size:16px\"><\/span><img decoding=\"async\" src=\"https:\/\/ae01.alicdn.com\/kf\/S1ce03fb2d561486ca4e7a898c793acffD.jpg\" \/><span style=\"font-size:16px\"><\/span><img decoding=\"async\" src=\"https:\/\/ae01.alicdn.com\/kf\/S0121cbf9c85147f9a5ea723f452585a82.jpg\" \/><span style=\"font-size:16px\"><\/span><img decoding=\"async\" src=\"https:\/\/ae01.alicdn.com\/kf\/S06acb31e0341471f845179a8c15f464cO.jpg\" \/><span style=\"font-size:16px\"><\/span><img decoding=\"async\" src=\"https:\/\/ae01.alicdn.com\/kf\/S34ee10795b3c47fcb6eab0ca444ef7a3m.jpg\" \/><span style=\"font-size:16px\"><\/span><img decoding=\"async\" src=\"https:\/\/ae01.alicdn.com\/kf\/Sf8154ab5ed9f4194ad301c4ec7d8211eD.jpg\" \/><span style=\"font-size:16px\"><\/span><img decoding=\"async\" src=\"https:\/\/ae01.alicdn.com\/kf\/S8407fbf9be2e48f1b606dc81a2b1d8c10.jpg\" \/><span style=\"font-size:16px\"><\/span><img decoding=\"async\" src=\"https:\/\/ae01.alicdn.com\/kf\/S83680103b61b487ca7280a214a9b88c9k.jpg\" \/><span style=\"font-size:16px\"><\/span><img decoding=\"async\" src=\"https:\/\/ae01.alicdn.com\/kf\/Sc4c96c5e5c1440e08e9aacc6cf853e31O.jpg\" \/><span style=\"font-size:16px\"><\/span><img decoding=\"async\" src=\"https:\/\/ae01.alicdn.com\/kf\/S064a70e161ae44569e424e66cfca7464Y.jpg\" \/><span style=\"font-size:16px\"><\/span><img decoding=\"async\" src=\"https:\/\/ae01.alicdn.com\/kf\/S41fbc3dc5b4b46508b208b4f5948a272z.jpg\" \/><span style=\"font-size:16px\"><\/span><img decoding=\"async\" src=\"https:\/\/ae01.alicdn.com\/kf\/S219c56cc9d6f4beb8f5cf333d2f9c2dcr.jpg\" \/><span style=\"font-size:16px\"><\/span><img decoding=\"async\" src=\"https:\/\/ae01.alicdn.com\/kf\/S457f22dfe3db4423bae0a19602a9b0703.jpg\" \/><span style=\"font-size:16px\"><\/span><img decoding=\"async\" src=\"https:\/\/ae01.alicdn.com\/kf\/Se2b63965b10e44cb9182c52714e6f857g.jpg\" \/><span style=\"font-size:16px\"><\/span><img decoding=\"async\" src=\"https:\/\/ae01.alicdn.com\/kf\/Sc58a47902f8b461680ef5ab24a7067cds.jpg\" \/><span style=\"font-size:16px\"><\/span><img decoding=\"async\" src=\"https:\/\/ae01.alicdn.com\/kf\/Sbae34d21b1e24e9396670680ea2e04f3w.jpg\" \/><span style=\"font-size:16px\"><\/span><img decoding=\"async\" src=\"https:\/\/ae01.alicdn.com\/kf\/Se2c0605b9fe64078a46d6d074c358763h.jpg\" \/><span style=\"font-size:16px\"><\/span><img decoding=\"async\" src=\"https:\/\/ae01.alicdn.com\/kf\/S268d8a2553604ce290069041842f3214Y.jpg\" \/><span style=\"font-size:16px\"><\/span><img decoding=\"async\" src=\"https:\/\/ae01.alicdn.com\/kf\/Sa8816f1e3ec64f9387e161b24a97348eF.jpg\" \/><span style=\"font-size:16px\"><\/span><\/p>\n","protected":false},"excerpt":{"rendered":"<p>&nbsp; ESPECIFICA&Ccedil;&Otilde;ES Marca: POEDAGAR Tipo de material da pulseira: A&Ccedil;O INOXID&Aacute;VEL Comprimento da banda: 23 Estilo: moda e casual Tipo de fecho: fecho oculto com bot&atilde;o de press&atilde;o Origem: China Continental Movimento: Quartzo Profundidade de resist&ecirc;ncia &agrave; &aacute;gua: 3Bar Material da caixa: A&Ccedil;O INOXID&Aacute;VEL Espessura da caixa: 11,5 Material das Caixas e Estojos: Papel N&uacute;mero [&hellip;]<\/p>\n","protected":false},"featured_media":5379,"comment_status":"open","ping_status":"closed","template":"","meta":[],"product_brand":[],"product_cat":[96],"product_tag":[],"class_list":{"0":"post-5380","1":"product","2":"type-product","3":"status-publish","4":"has-post-thumbnail","6":"product_cat-achadinhos-rubi","8":"first","9":"instock","10":"shipping-taxable","11":"purchasable","12":"product-type-variable"},"_links":{"self":[{"href":"https:\/\/boutiquerubifenix.com.br\/index.php\/wp-json\/wp\/v2\/product\/5380","targetHints":{"allow":["GET"]}}],"collection":[{"href":"https:\/\/boutiquerubifenix.com.br\/index.php\/wp-json\/wp\/v2\/product"}],"about":[{"href":"https:\/\/boutiquerubifenix.com.br\/index.php\/wp-json\/wp\/v2\/types\/product"}],"replies":[{"embeddable":true,"href":"https:\/\/boutiquerubifenix.com.br\/index.php\/wp-json\/wp\/v2\/comments?post=5380"}],"wp:featuredmedia":[{"embeddable":true,"href":"https:\/\/boutiquerubifenix.com.br\/index.php\/wp-json\/wp\/v2\/media\/5379"}],"wp:attachment":[{"href":"https:\/\/boutiquerubifenix.com.br\/index.php\/wp-json\/wp\/v2\/media?parent=5380"}],"wp:term":[{"taxonomy":"product_brand","embeddable":true,"href":"https:\/\/boutiquerubifenix.com.br\/index.php\/wp-json\/wp\/v2\/product_brand?post=5380"},{"taxonomy":"product_cat","embeddable":true,"href":"https:\/\/boutiquerubifenix.com.br\/index.php\/wp-json\/wp\/v2\/product_cat?post=5380"},{"taxonomy":"product_tag","embeddable":true,"href":"https:\/\/boutiquerubifenix.com.br\/index.php\/wp-json\/wp\/v2\/product_tag?post=5380"}],"curies":[{"name":"wp","href":"https:\/\/api.w.org\/{rel}","templated":true}]}}