{"id":2777,"date":"2024-04-16T16:02:00","date_gmt":"2024-04-16T19:02:00","guid":{"rendered":"https:\/\/boutiquerubifenix.com.br\/index.php\/produto\/mini-blush-liquido-fosco-de-longa-duracao-sedoso-suave-bochecha-blush-iluminador-bastao-maquiagem-de-contorno-a-prova-dagua\/"},"modified":"2024-04-16T16:03:01","modified_gmt":"2024-04-16T19:03:01","slug":"mini-blush-liquido-fosco-de-longa-duracao-sedoso-suave-bochecha-blush-iluminador-bastao-maquiagem-de-contorno-a-prova-dagua","status":"publish","type":"product","link":"https:\/\/boutiquerubifenix.com.br\/index.php\/produto\/mini-blush-liquido-fosco-de-longa-duracao-sedoso-suave-bochecha-blush-iluminador-bastao-maquiagem-de-contorno-a-prova-dagua\/","title":{"rendered":"Mini blush l\u00edquido fosco, de longa dura\u00e7\u00e3o, sedoso, suave, bochecha, blush, iluminador, bast\u00e3o, maquiagem de contorno \u00e0 prova d&#8217;\u00e1gua"},"content":{"rendered":"<pre>\nESPECIFICA&Ccedil;&Otilde;ES\n\n\nMarca: MOONBIFFY\n\nOrigem: China Continental\n\nN&uacute;mero do certificado: blush l&iacute;quido\n\nQuantidade: 1PCS\n\nBenef&iacute;cio: Longa dura&ccedil;&atilde;o\n\nBenef&iacute;cio: SENS&Iacute;VEL\n\nBenef&iacute;cio: f&aacute;cil de usar\n\nBenef&iacute;cio: Natural\n\nData de Fabrica&ccedil;&atilde;o: Recente\n\nTipo: BLUSH\n\nIngrediente: &Aacute;gua, &oacute;leo mineral, etc.\n\nN&uacute;mero de modelo: blush l&iacute;quido\n\nPa&iacute;s\/Regi&atilde;o de Fabrica&ccedil;&atilde;o: CHINA\n\nN&uacute;mero de pe&ccedil;as: uma unidade\n\nFabricante: blush l&iacute;quido\n\nPESO L&Iacute;QUIDO: 3,5g\n\nTamanho: tamanho completo\n\nPrazo de validade: 3 anos\n\nDistribuidor\/Importador: blush l&iacute;quido\n\nTamanho:: cerca de 1.3*1.3*5cm\n\nApropriado para todos os tipos de pele\n\nEfic&aacute;cia:: Crie uma tez natural<\/pre>\n<pre>\n\n&nbsp;<\/pre>\n<p><img decoding=\"async\" alt=\"\u00cdcone &quot;Verificada pela comunidade&quot;\" src=\"image\/png;base64,iVBORw0KGgoAAAANSUhEUgAAABQAAAAUCAQAAAAngNWGAAAA\/0lEQVR4AYXNMSiEcRyA4cfmGHQbCZIipkuxnJgMStlMNmeyD2dwmc8+sZgxYJd9ErIZFHUyYYD7fkr6l4\/rnvmtl7+KitrqV\/fq2Y5eLY3Z9S48eRLe7BmVZ9qhTLhQ0algzZWQOVKSsCF8OjAnwbxDTWFDUhPK\/jMr1H6HE\/IqRky2DyvCefuwItwZzodVoYRiLqMkVCXrwpJ9twZ+sgfDYEFYl8wIWxZ9uFf7zkallxlJh4YrLGsKjZRx7VGHhLqwgFUN45DGdb8MeXGpgB4ABZdeDcpZEY51A+hyLKz4S1W4MQWm3AibWtgWmk6dyISa1pSdyWTOlLXVp0+eL9D\/ZPfBTNanAAAAAElFTkSuQmCC\" style=\"height:16px;width:16px\" \/><\/p>\n<p>&nbsp;<\/p>\n<div class=\"detailmodule_html\">\n<div class=\"detail-desc-decorate-richtext\">\n<div>\n<div>\n<div><span style=\"font-size:28px\"><span style=\"font-family:Arial, Helvetica, sans-serif\"><span>Specification:<\/span><\/span><\/span><br \/>\n<span style=\"font-size:26px\"><span style=\"font-family:Arial, Helvetica, sans-serif\">Name: Mini blusher<br \/>\nNet content: 3.5g<br \/>\nSize: about 1.3*1.3*5CM<br \/>\nIngredients: Water, mineral oil, etc<br \/>\nDate of production: Recent<br \/>\nShelf life: 3 years<br \/>\nSuitable for: All skin types<br \/>\nApplication: Face<br \/>\nEfficacy: Create a natural complexion<br \/>\nPackage contains: 1* liquid blush<\/span><\/span><\/div>\n<div align=\"center\" style=\"text-align:center\">\n<p align=\"center\" style=\"text-align:center;margin:0px;margin-bottom:0px;margin-top:0px;margin-left:0px;margin-right:0px\"><img decoding=\"async\" src=\"https:\/\/ae01.alicdn.com\/kf\/Scac0b0282c40488687808ddf4145ba40B.jpg?width=1000&amp;height=1000&amp;hash=2000\" style=\"width:800px\" width=\"800px\"><img decoding=\"async\" src=\"https:\/\/ae01.alicdn.com\/kf\/Sd5fbd708934c42e6bc261fcf3c6fa2b9K.jpg?width=1000&amp;height=1000&amp;hash=2000\" style=\"width:800px\" width=\"800px\"><br \/>\n<img decoding=\"async\" src=\"https:\/\/ae01.alicdn.com\/kf\/Se0cb7e29df9e4e0db5f2b0a6e8095811P.jpg?width=1000&amp;height=1000&amp;hash=2000\" style=\"width:800px\" width=\"800px\"><br \/>\n<img decoding=\"async\" src=\"https:\/\/ae01.alicdn.com\/kf\/S9a29d4421bad4fd0ab3682b8021d9124b.jpg?width=1000&amp;height=1000&amp;hash=2000\" style=\"width:800px\" width=\"800px\"><img decoding=\"async\" src=\"https:\/\/ae01.alicdn.com\/kf\/Sdb5acb8428a746b48085b89d3ddd6272A.jpg?width=1000&amp;height=1000&amp;hash=2000\" style=\"width:800px\" width=\"800px\"><img decoding=\"async\" src=\"https:\/\/ae01.alicdn.com\/kf\/S493ba7215d894c01b27a4a4a79236c773.jpg?width=1000&amp;height=1000&amp;hash=2000\" style=\"width:800px\" width=\"800px\"><img decoding=\"async\" src=\"https:\/\/ae01.alicdn.com\/kf\/Sd551c05dc1fb49bb9e9b5de99442ef8dQ.jpg?width=1000&amp;height=1000&amp;hash=2000\" style=\"width:800px\" width=\"800px\"><img decoding=\"async\" src=\"https:\/\/ae01.alicdn.com\/kf\/Sc25c9dffefab431ca486c03ebf4f2bb06.jpg?width=1000&amp;height=1000&amp;hash=2000\" style=\"width:800px\" width=\"800px\"><img decoding=\"async\" src=\"https:\/\/ae01.alicdn.com\/kf\/Sb30aa922a1414cbea53d3eb11e5e1991C.jpg?width=1000&amp;height=1000&amp;hash=2000\" style=\"width:800px\" width=\"800px\"><\/p>\n<\/div>\n<p>&nbsp;<\/p>\n<\/div>\n<\/div>\n<\/div>\n<\/div>\n","protected":false},"excerpt":{"rendered":"<p>ESPECIFICA&Ccedil;&Otilde;ES Marca: MOONBIFFY Origem: China Continental N&uacute;mero do certificado: blush l&iacute;quido Quantidade: 1PCS Benef&iacute;cio: Longa dura&ccedil;&atilde;o Benef&iacute;cio: SENS&Iacute;VEL Benef&iacute;cio: f&aacute;cil de usar Benef&iacute;cio: Natural Data de Fabrica&ccedil;&atilde;o: Recente Tipo: BLUSH Ingrediente: &Aacute;gua, &oacute;leo mineral, etc. N&uacute;mero de modelo: blush l&iacute;quido Pa&iacute;s\/Regi&atilde;o de Fabrica&ccedil;&atilde;o: CHINA N&uacute;mero de pe&ccedil;as: uma unidade Fabricante: blush l&iacute;quido PESO L&Iacute;QUIDO: 3,5g [&hellip;]<\/p>\n","protected":false},"featured_media":2776,"comment_status":"open","ping_status":"closed","template":"","meta":[],"product_brand":[],"product_cat":[30],"product_tag":[],"class_list":{"0":"post-2777","1":"product","2":"type-product","3":"status-publish","4":"has-post-thumbnail","6":"product_cat-maquiagem","8":"first","9":"instock","10":"shipping-taxable","11":"purchasable","12":"product-type-variable"},"_links":{"self":[{"href":"https:\/\/boutiquerubifenix.com.br\/index.php\/wp-json\/wp\/v2\/product\/2777","targetHints":{"allow":["GET"]}}],"collection":[{"href":"https:\/\/boutiquerubifenix.com.br\/index.php\/wp-json\/wp\/v2\/product"}],"about":[{"href":"https:\/\/boutiquerubifenix.com.br\/index.php\/wp-json\/wp\/v2\/types\/product"}],"replies":[{"embeddable":true,"href":"https:\/\/boutiquerubifenix.com.br\/index.php\/wp-json\/wp\/v2\/comments?post=2777"}],"wp:featuredmedia":[{"embeddable":true,"href":"https:\/\/boutiquerubifenix.com.br\/index.php\/wp-json\/wp\/v2\/media\/2776"}],"wp:attachment":[{"href":"https:\/\/boutiquerubifenix.com.br\/index.php\/wp-json\/wp\/v2\/media?parent=2777"}],"wp:term":[{"taxonomy":"product_brand","embeddable":true,"href":"https:\/\/boutiquerubifenix.com.br\/index.php\/wp-json\/wp\/v2\/product_brand?post=2777"},{"taxonomy":"product_cat","embeddable":true,"href":"https:\/\/boutiquerubifenix.com.br\/index.php\/wp-json\/wp\/v2\/product_cat?post=2777"},{"taxonomy":"product_tag","embeddable":true,"href":"https:\/\/boutiquerubifenix.com.br\/index.php\/wp-json\/wp\/v2\/product_tag?post=2777"}],"curies":[{"name":"wp","href":"https:\/\/api.w.org\/{rel}","templated":true}]}}