{"id":2430,"date":"2024-04-15T23:40:07","date_gmt":"2024-04-16T02:40:07","guid":{"rendered":"https:\/\/boutiquerubifenix.com.br\/index.php\/produto\/batom-matte-veludo-liquido-rico-acabamento-fosco-batom-lipgloss-a-prova-dagua\/"},"modified":"2024-04-15T23:42:24","modified_gmt":"2024-04-16T02:42:24","slug":"batom-matte-veludo-liquido-rico-acabamento-fosco-batom-lipgloss-a-prova-dagua","status":"publish","type":"product","link":"https:\/\/boutiquerubifenix.com.br\/index.php\/produto\/batom-matte-veludo-liquido-rico-acabamento-fosco-batom-lipgloss-a-prova-dagua\/","title":{"rendered":"Batom Matte  Veludo L\u00edquido Rico Acabamento Fosco Batom Lipgloss \u00e0 prova d&#8217;\u00e1gua"},"content":{"rendered":"<pre>\nESPECIFICA&Ccedil;&Otilde;ES\n\n\nMarca: cmaadu\n\nOrigem: China Continental\n\nPa&iacute;s\/Regi&atilde;o de Fabrica&ccedil;&atilde;o: CHINA\n\nTipo: BATOM\n\nN&uacute;mero de pe&ccedil;as: uma unidade\n\nBenef&iacute;cio: &agrave; prova d&#039;&aacute;gua\/resistente &agrave; &aacute;gua\n\nEscolha: sim\n\nsemi_Choice: sim<\/pre>\n<p>&nbsp;<\/p>\n<div class=\"detailmodule_html\">\n<div class=\"detail-desc-decorate-richtext\">\n<div id=\"offer-template-0\"><span style=\"font-size:12px;, Roboto, Arial, Helvetica, sans-serif, SimSun\"><strong>HOT SALE!<br \/>\nWE SHIP WORLDWIDE AND PROVIDE TRACKING SERVICE!<br \/>\nFast &amp; Reliable Shipping Guaranteed<br \/>\nPLEASE NOTE: All the pictures represent the REAL ITEM!<br \/>\n100% Brand NEW<br \/>\n100% High Quality Guaranteed<br \/>\nPortable size, easy to carry<br \/>\nSuitable for professional use or home use<br \/>\nSpecial Features: Long Lasting Effect + Waterproof Last 24-Hour<br \/>\nIf the ite&nbsp;you receive has a little difference from the picture, please understand that it is normal factor due to differences in monitor light and pixel shades. Thank you very much!<\/strong><\/span><br \/>\n<img fetchpriority=\"high\" decoding=\"async\" height=\"790\" src=\"https:\/\/ae01.alicdn.com\/kf\/Sf0f11beb64e4420daa7db1f781767251g.jpg?width=1000&amp;height=1000&amp;hash=2000\" width=\"790\"><\/p>\n<p><img decoding=\"async\" height=\"790\" src=\"https:\/\/ae03.alicdn.com\/kf\/See531f02a8554a0dab01c306f494a2e4S.jpg\" width=\"790\"><\/p>\n<p><img decoding=\"async\" height=\"790\" src=\"https:\/\/ae03.alicdn.com\/kf\/S6d440e6622874944afcda54a33876df0P.jpg\" width=\"790\"><\/p>\n<p><img loading=\"lazy\" decoding=\"async\" height=\"790\" src=\"https:\/\/ae03.alicdn.com\/kf\/Sf63b2d9cab7b461bb96efc6470c95450i.jpg\" width=\"790\"><\/p>\n<p><img loading=\"lazy\" decoding=\"async\" height=\"790\" src=\"https:\/\/ae01.alicdn.com\/kf\/S94ea6562cdff4ed6bfa00ce389a5d4bdJ.jpg?width=1000&amp;height=1000&amp;hash=2000\" width=\"790\"><\/p>\n<p><img loading=\"lazy\" decoding=\"async\" height=\"790\" src=\"https:\/\/ae01.alicdn.com\/kf\/S9854acd29fd2455baf5e73f2bab56680I.jpg?width=1000&amp;height=1000&amp;hash=2000\" width=\"790\"><\/p>\n<p><img loading=\"lazy\" decoding=\"async\" height=\"790\" src=\"https:\/\/ae01.alicdn.com\/kf\/Sb2cbbf1cb7dc49858a4ac37162bbf0bf3.jpg?width=1000&amp;height=1000&amp;hash=2000\" width=\"790\"><\/p>\n<p><img loading=\"lazy\" decoding=\"async\" height=\"790\" src=\"https:\/\/ae01.alicdn.com\/kf\/Sd5ab169ccfdf4c7b9cad22ccc806be0bq.jpg?width=1000&amp;height=1000&amp;hash=2000\" width=\"790\"><\/p>\n<p><img loading=\"lazy\" decoding=\"async\" height=\"790\" src=\"https:\/\/ae01.alicdn.com\/kf\/Sb52c79ea728c433996fcc4e37f62a13fp.jpg?width=1000&amp;height=1000&amp;hash=2000\" width=\"790\"><\/p>\n<p><img loading=\"lazy\" decoding=\"async\" height=\"790\" src=\"https:\/\/ae01.alicdn.com\/kf\/Sf562bc00e0014c3a87e5ae2795d48feb4.jpg?width=1000&amp;height=1000&amp;hash=2000\" width=\"790\"><\/p>\n<p><img loading=\"lazy\" decoding=\"async\" height=\"790\" src=\"https:\/\/ae01.alicdn.com\/kf\/Sb0e04b7a5dc143138a6f662124a3dc65H.jpg?width=1000&amp;height=1000&amp;hash=2000\" width=\"790\"><\/p>\n<p><img loading=\"lazy\" decoding=\"async\" height=\"790\" src=\"https:\/\/ae01.alicdn.com\/kf\/Sef4a520881914b9bbf2c06ab6e20ce01Y.jpg?width=1000&amp;height=1000&amp;hash=2000\" width=\"790\"><\/p>\n<p><img loading=\"lazy\" decoding=\"async\" height=\"790\" src=\"https:\/\/ae01.alicdn.com\/kf\/S09f78ad0adca4b68ba91dde907c7aedbS.jpg?width=1000&amp;height=1000&amp;hash=2000\" width=\"790\"><\/p>\n<p><img loading=\"lazy\" decoding=\"async\" height=\"790\" src=\"https:\/\/ae01.alicdn.com\/kf\/S3dc9b18f582b43029ec5e571e7115fa3q.jpg?width=1000&amp;height=1000&amp;hash=2000\" width=\"790\"><\/p>\n<p><img loading=\"lazy\" decoding=\"async\" height=\"790\" src=\"https:\/\/ae01.alicdn.com\/kf\/Sce0a2f117adf4ec498035e37946ac90bE.jpg?width=1000&amp;height=1000&amp;hash=2000\" width=\"790\"><\/p>\n<p><img loading=\"lazy\" decoding=\"async\" height=\"790\" src=\"https:\/\/ae01.alicdn.com\/kf\/S74602aafd1a04e8389686039ece17d8aV.jpg?width=1000&amp;height=1000&amp;hash=2000\" width=\"790\"><\/p>\n<p><img loading=\"lazy\" decoding=\"async\" height=\"790\" src=\"https:\/\/ae01.alicdn.com\/kf\/S9c63c8f355bd418ab5fe595d146d55662.jpg?width=1000&amp;height=1000&amp;hash=2000\" width=\"790\"><\/p>\n<p><img loading=\"lazy\" decoding=\"async\" height=\"790\" src=\"https:\/\/ae01.alicdn.com\/kf\/S021a2007c08748b6ab927d8dc29deb0bG.jpg?width=1000&amp;height=1000&amp;hash=2000\" width=\"790\"><\/p>\n<p><img loading=\"lazy\" decoding=\"async\" height=\"790\" src=\"https:\/\/ae01.alicdn.com\/kf\/S6d8f047767144c668315edb24d015599L.jpg?width=1000&amp;height=1000&amp;hash=2000\" width=\"790\"><\/p>\n<p><img loading=\"lazy\" decoding=\"async\" height=\"790\" src=\"https:\/\/ae01.alicdn.com\/kf\/S18eecc5d67e844eab974162ea491a5c0i.jpg?width=1000&amp;height=1000&amp;hash=2000\" width=\"790\"><\/p>\n<p><img loading=\"lazy\" decoding=\"async\" height=\"790\" src=\"https:\/\/ae01.alicdn.com\/kf\/S46830aaeebcc43f7a65891dd5a766f0bQ.jpg?width=1000&amp;height=1000&amp;hash=2000\" width=\"790\"><\/p>\n<p><img loading=\"lazy\" decoding=\"async\" height=\"790\" src=\"https:\/\/ae01.alicdn.com\/kf\/S6faad2aa99664fe89c5887cf9ed2ad53G.jpg?width=1000&amp;height=1000&amp;hash=2000\" width=\"790\"><\/div>\n<\/div>\n<\/div>\n","protected":false},"excerpt":{"rendered":"<p>ESPECIFICA&Ccedil;&Otilde;ES Marca: cmaadu Origem: China Continental Pa&iacute;s\/Regi&atilde;o de Fabrica&ccedil;&atilde;o: CHINA Tipo: BATOM N&uacute;mero de pe&ccedil;as: uma unidade Benef&iacute;cio: &agrave; prova d&#039;&aacute;gua\/resistente &agrave; &aacute;gua Escolha: sim semi_Choice: sim &nbsp; HOT SALE! WE SHIP WORLDWIDE AND PROVIDE TRACKING SERVICE! Fast &amp; Reliable Shipping Guaranteed PLEASE NOTE: All the pictures represent the REAL ITEM! 100% Brand NEW 100% [&hellip;]<\/p>\n","protected":false},"featured_media":2429,"comment_status":"open","ping_status":"closed","template":"","meta":[],"product_brand":[],"product_cat":[30],"product_tag":[],"class_list":{"0":"post-2430","1":"product","2":"type-product","3":"status-publish","4":"has-post-thumbnail","6":"product_cat-maquiagem","8":"first","9":"instock","10":"shipping-taxable","11":"purchasable","12":"product-type-variable"},"_links":{"self":[{"href":"https:\/\/boutiquerubifenix.com.br\/index.php\/wp-json\/wp\/v2\/product\/2430","targetHints":{"allow":["GET"]}}],"collection":[{"href":"https:\/\/boutiquerubifenix.com.br\/index.php\/wp-json\/wp\/v2\/product"}],"about":[{"href":"https:\/\/boutiquerubifenix.com.br\/index.php\/wp-json\/wp\/v2\/types\/product"}],"replies":[{"embeddable":true,"href":"https:\/\/boutiquerubifenix.com.br\/index.php\/wp-json\/wp\/v2\/comments?post=2430"}],"wp:featuredmedia":[{"embeddable":true,"href":"https:\/\/boutiquerubifenix.com.br\/index.php\/wp-json\/wp\/v2\/media\/2429"}],"wp:attachment":[{"href":"https:\/\/boutiquerubifenix.com.br\/index.php\/wp-json\/wp\/v2\/media?parent=2430"}],"wp:term":[{"taxonomy":"product_brand","embeddable":true,"href":"https:\/\/boutiquerubifenix.com.br\/index.php\/wp-json\/wp\/v2\/product_brand?post=2430"},{"taxonomy":"product_cat","embeddable":true,"href":"https:\/\/boutiquerubifenix.com.br\/index.php\/wp-json\/wp\/v2\/product_cat?post=2430"},{"taxonomy":"product_tag","embeddable":true,"href":"https:\/\/boutiquerubifenix.com.br\/index.php\/wp-json\/wp\/v2\/product_tag?post=2430"}],"curies":[{"name":"wp","href":"https:\/\/api.w.org\/{rel}","templated":true}]}}