{"id":5677,"date":"2024-05-03T08:43:42","date_gmt":"2024-05-03T11:43:42","guid":{"rendered":"https:\/\/boutiquerubifenix.com.br\/?page_id=5677"},"modified":"2024-05-03T08:44:16","modified_gmt":"2024-05-03T11:44:16","slug":"blog","status":"publish","type":"page","link":"https:\/\/boutiquerubifenix.com.br\/index.php\/blog\/","title":{"rendered":"Blog"},"content":{"rendered":"\t\t<div data-elementor-type=\"wp-page\" data-elementor-id=\"5677\" class=\"elementor elementor-5677\" data-elementor-post-type=\"page\">\n\t\t\t\t<div class=\"elementor-element elementor-element-330a7d6 e-flex e-con-boxed e-con e-parent\" data-id=\"330a7d6\" data-element_type=\"container\">\n\t\t\t\t\t<div class=\"e-con-inner\">\n\t\t\t\t<div class=\"elementor-element elementor-element-5cab5ba elementor-grid-3 elementor-grid-tablet-2 elementor-grid-mobile-1 elementor-posts--thumbnail-top elementor-widget elementor-widget-posts\" data-id=\"5cab5ba\" data-element_type=\"widget\" data-settings=\"{&quot;classic_columns&quot;:&quot;3&quot;,&quot;classic_columns_tablet&quot;:&quot;2&quot;,&quot;classic_columns_mobile&quot;:&quot;1&quot;,&quot;classic_row_gap&quot;:{&quot;unit&quot;:&quot;px&quot;,&quot;size&quot;:35,&quot;sizes&quot;:[]},&quot;classic_row_gap_tablet&quot;:{&quot;unit&quot;:&quot;px&quot;,&quot;size&quot;:&quot;&quot;,&quot;sizes&quot;:[]},&quot;classic_row_gap_mobile&quot;:{&quot;unit&quot;:&quot;px&quot;,&quot;size&quot;:&quot;&quot;,&quot;sizes&quot;:[]}}\" data-widget_type=\"posts.classic\">\n\t\t\t\t<div class=\"elementor-widget-container\">\n\t\t\t\t\t\t\t<div class=\"elementor-posts-container elementor-posts elementor-posts--skin-classic elementor-grid\" role=\"list\">\n\t\t\t\t<article class=\"elementor-post elementor-grid-item post-6997 post type-post status-publish format-standard has-post-thumbnail hentry category-blog tag-nova-vida tag-recomecar tag-viver\" role=\"listitem\">\n\t\t\t\t<a class=\"elementor-post__thumbnail__link\" href=\"https:\/\/boutiquerubifenix.com.br\/index.php\/2025\/03\/18\/recomecar-a-vida-em-meio-ao-caos\/\" tabindex=\"-1\" >\n\t\t\t<div class=\"elementor-post__thumbnail\"><img fetchpriority=\"high\" decoding=\"async\" width=\"300\" height=\"300\" src=\"https:\/\/boutiquerubifenix.com.br\/wp-content\/uploads\/2025\/03\/mulher-feliz-comemorando-uma-bela-vida_731930-156654-300x300.avif\" class=\"attachment-medium size-medium wp-image-6998\" alt=\"\" srcset=\"https:\/\/boutiquerubifenix.com.br\/wp-content\/uploads\/2025\/03\/mulher-feliz-comemorando-uma-bela-vida_731930-156654-300x300.avif 300w, https:\/\/boutiquerubifenix.com.br\/wp-content\/uploads\/2025\/03\/mulher-feliz-comemorando-uma-bela-vida_731930-156654-150x150.avif 150w, https:\/\/boutiquerubifenix.com.br\/wp-content\/uploads\/2025\/03\/mulher-feliz-comemorando-uma-bela-vida_731930-156654-600x600.avif 600w, https:\/\/boutiquerubifenix.com.br\/wp-content\/uploads\/2025\/03\/mulher-feliz-comemorando-uma-bela-vida_731930-156654-100x100.avif 100w, https:\/\/boutiquerubifenix.com.br\/wp-content\/uploads\/2025\/03\/mulher-feliz-comemorando-uma-bela-vida_731930-156654.avif 626w\" sizes=\"(max-width: 300px) 100vw, 300px\" \/><\/div>\n\t\t<\/a>\n\t\t\t\t<div class=\"elementor-post__text\">\n\t\t\t\t<h3 class=\"elementor-post__title\">\n\t\t\t<a href=\"https:\/\/boutiquerubifenix.com.br\/index.php\/2025\/03\/18\/recomecar-a-vida-em-meio-ao-caos\/\" >\n\t\t\t\tRecome\u00e7ar a vida em meio ao caos.\t\t\t<\/a>\n\t\t<\/h3>\n\t\t\t\t<div class=\"elementor-post__meta-data\">\n\t\t\t\t\t<span class=\"elementor-post-date\">\n\t\t\t18 de mar\u00e7o de 2025\t\t<\/span>\n\t\t\t\t<span class=\"elementor-post-avatar\">\n\t\t\t1 coment\u00e1rio\t\t<\/span>\n\t\t\t\t<\/div>\n\t\t\t\t<div class=\"elementor-post__excerpt\">\n\t\t\t<p>**Recome\u00e7ar: Como Se Reinventar e Construir a Vida que Voc\u00ea Merece** A vida \u00e9 feita de ciclos, e recome\u00e7ar n\u00e3o \u00e9 um sinal de fraqueza,<\/p>\n\t\t<\/div>\n\t\t\n\t\t<a class=\"elementor-post__read-more\" href=\"https:\/\/boutiquerubifenix.com.br\/index.php\/2025\/03\/18\/recomecar-a-vida-em-meio-ao-caos\/\" aria-label=\"Leia mais sobre Recome\u00e7ar a vida em meio ao caos.\" tabindex=\"-1\" >\n\t\t\tConsulte Mais informa\u00e7\u00e3o &quot;\t\t<\/a>\n\n\t\t\t\t<\/div>\n\t\t\t\t<\/article>\n\t\t\t\t<article class=\"elementor-post elementor-grid-item post-6991 post type-post status-publish format-standard has-post-thumbnail hentry category-blog tag-elegancia tag-estilo tag-poder\" role=\"listitem\">\n\t\t\t\t<a class=\"elementor-post__thumbnail__link\" href=\"https:\/\/boutiquerubifenix.com.br\/index.php\/2025\/03\/17\/guia-de-mulheres-que-querem-se-destacar\/\" tabindex=\"-1\" >\n\t\t\t<div class=\"elementor-post__thumbnail\"><img decoding=\"async\" width=\"209\" height=\"300\" src=\"https:\/\/boutiquerubifenix.com.br\/wp-content\/uploads\/2025\/03\/imagem-mulher-2-209x300.jpg\" class=\"attachment-medium size-medium wp-image-6993\" alt=\"\" srcset=\"https:\/\/boutiquerubifenix.com.br\/wp-content\/uploads\/2025\/03\/imagem-mulher-2-209x300.jpg 209w, https:\/\/boutiquerubifenix.com.br\/wp-content\/uploads\/2025\/03\/imagem-mulher-2.jpg 564w\" sizes=\"(max-width: 209px) 100vw, 209px\" \/><\/div>\n\t\t<\/a>\n\t\t\t\t<div class=\"elementor-post__text\">\n\t\t\t\t<h3 class=\"elementor-post__title\">\n\t\t\t<a href=\"https:\/\/boutiquerubifenix.com.br\/index.php\/2025\/03\/17\/guia-de-mulheres-que-querem-se-destacar\/\" >\n\t\t\t\tGuia de mulheres que querem se destacar\t\t\t<\/a>\n\t\t<\/h3>\n\t\t\t\t<div class=\"elementor-post__meta-data\">\n\t\t\t\t\t<span class=\"elementor-post-date\">\n\t\t\t17 de mar\u00e7o de 2025\t\t<\/span>\n\t\t\t\t<span class=\"elementor-post-avatar\">\n\t\t\tNenhum coment\u00e1rio\t\t<\/span>\n\t\t\t\t<\/div>\n\t\t\t\t<div class=\"elementor-post__excerpt\">\n\t\t\t<p>Voc\u00ea j\u00e1 parou para pensar no impacto que sua imagem causa no mundo? A maneira como nos vestimos \u00e9 uma extens\u00e3o da nossa personalidade e<\/p>\n\t\t<\/div>\n\t\t\n\t\t<a class=\"elementor-post__read-more\" href=\"https:\/\/boutiquerubifenix.com.br\/index.php\/2025\/03\/17\/guia-de-mulheres-que-querem-se-destacar\/\" aria-label=\"Leia mais sobre Guia de mulheres que querem se destacar\" tabindex=\"-1\" >\n\t\t\tConsulte Mais informa\u00e7\u00e3o &quot;\t\t<\/a>\n\n\t\t\t\t<\/div>\n\t\t\t\t<\/article>\n\t\t\t\t<article class=\"elementor-post elementor-grid-item post-5917 post type-post status-publish format-standard has-post-thumbnail hentry category-moda tag-estilo tag-moda-outono-inverno tag-tendencias-de-moda\" role=\"listitem\">\n\t\t\t\t<a class=\"elementor-post__thumbnail__link\" href=\"https:\/\/boutiquerubifenix.com.br\/index.php\/2024\/06\/12\/tendencias-outono-inverno-o-que-esperar-desta-estacao\/\" tabindex=\"-1\" >\n\t\t\t<div class=\"elementor-post__thumbnail\"><img decoding=\"async\" width=\"240\" height=\"300\" src=\"https:\/\/boutiquerubifenix.com.br\/wp-content\/uploads\/2024\/06\/person-in-brown-jacket-wearing-blue-and-yellow-knit-cap-scaled.jpg\" class=\"attachment-medium size-medium wp-image-5916\" alt=\"person in brown jacket wearing blue and yellow knit cap\" \/><\/div>\n\t\t<\/a>\n\t\t\t\t<div class=\"elementor-post__text\">\n\t\t\t\t<h3 class=\"elementor-post__title\">\n\t\t\t<a href=\"https:\/\/boutiquerubifenix.com.br\/index.php\/2024\/06\/12\/tendencias-outono-inverno-o-que-esperar-desta-estacao\/\" >\n\t\t\t\tTend\u00eancias Outono-Inverno: O Que Esperar Desta Esta\u00e7\u00e3o\t\t\t<\/a>\n\t\t<\/h3>\n\t\t\t\t<div class=\"elementor-post__meta-data\">\n\t\t\t\t\t<span class=\"elementor-post-date\">\n\t\t\t12 de junho de 2024\t\t<\/span>\n\t\t\t\t<span class=\"elementor-post-avatar\">\n\t\t\tNenhum coment\u00e1rio\t\t<\/span>\n\t\t\t\t<\/div>\n\t\t\t\t<div class=\"elementor-post__excerpt\">\n\t\t\t<p>Introdu\u00e7\u00e3o \u00e0s Tend\u00eancias Outono-Inverno Com a chegada das esta\u00e7\u00f5es mais frias, \u00e9 hora de atualizar nosso guarda-roupa e nos preparar para as tend\u00eancias outono-inverno. Este<\/p>\n\t\t<\/div>\n\t\t\n\t\t<a class=\"elementor-post__read-more\" href=\"https:\/\/boutiquerubifenix.com.br\/index.php\/2024\/06\/12\/tendencias-outono-inverno-o-que-esperar-desta-estacao\/\" aria-label=\"Leia mais sobre Tend\u00eancias Outono-Inverno: O Que Esperar Desta Esta\u00e7\u00e3o\" tabindex=\"-1\" >\n\t\t\tConsulte Mais informa\u00e7\u00e3o &quot;\t\t<\/a>\n\n\t\t\t\t<\/div>\n\t\t\t\t<\/article>\n\t\t\t\t<article class=\"elementor-post elementor-grid-item post-786 post type-post status-publish format-standard has-post-thumbnail hentry category-maquiagem tag-aplicacao-de-maquiagem tag-beleza tag-esponja-de-maquiagem\" role=\"listitem\">\n\t\t\t\t<a class=\"elementor-post__thumbnail__link\" href=\"https:\/\/boutiquerubifenix.com.br\/index.php\/2024\/04\/07\/os-beneficios-de-usar-uma-esponja-de-maquiagem\/\" tabindex=\"-1\" >\n\t\t\t<div class=\"elementor-post__thumbnail\"><img loading=\"lazy\" decoding=\"async\" width=\"300\" height=\"300\" src=\"https:\/\/boutiquerubifenix.com.br\/wp-content\/uploads\/2024\/04\/4-2-300x300.png\" class=\"attachment-medium size-medium wp-image-793\" alt=\"\" srcset=\"https:\/\/boutiquerubifenix.com.br\/wp-content\/uploads\/2024\/04\/4-2-300x300.png 300w, https:\/\/boutiquerubifenix.com.br\/wp-content\/uploads\/2024\/04\/4-2-150x150.png 150w, https:\/\/boutiquerubifenix.com.br\/wp-content\/uploads\/2024\/04\/4-2-100x100.png 100w, https:\/\/boutiquerubifenix.com.br\/wp-content\/uploads\/2024\/04\/4-2.png 500w\" sizes=\"(max-width: 300px) 100vw, 300px\" \/><\/div>\n\t\t<\/a>\n\t\t\t\t<div class=\"elementor-post__text\">\n\t\t\t\t<h3 class=\"elementor-post__title\">\n\t\t\t<a href=\"https:\/\/boutiquerubifenix.com.br\/index.php\/2024\/04\/07\/os-beneficios-de-usar-uma-esponja-de-maquiagem\/\" >\n\t\t\t\tOs benef\u00edcios de usar uma esponja de maquiagem\t\t\t<\/a>\n\t\t<\/h3>\n\t\t\t\t<div class=\"elementor-post__meta-data\">\n\t\t\t\t\t<span class=\"elementor-post-date\">\n\t\t\t7 de abril de 2024\t\t<\/span>\n\t\t\t\t<span class=\"elementor-post-avatar\">\n\t\t\tNenhum coment\u00e1rio\t\t<\/span>\n\t\t\t\t<\/div>\n\t\t\t\t<div class=\"elementor-post__excerpt\">\n\t\t\t<p>O que \u00e9 uma esponja de maquiagem? Uma esponja de maquiagem \u00e9 uma ferramenta essencial para quem quer obter uma aplica\u00e7\u00e3o perfeita de produtos de<\/p>\n\t\t<\/div>\n\t\t\n\t\t<a class=\"elementor-post__read-more\" href=\"https:\/\/boutiquerubifenix.com.br\/index.php\/2024\/04\/07\/os-beneficios-de-usar-uma-esponja-de-maquiagem\/\" aria-label=\"Leia mais sobre Os benef\u00edcios de usar uma esponja de maquiagem\" tabindex=\"-1\" >\n\t\t\tConsulte Mais informa\u00e7\u00e3o &quot;\t\t<\/a>\n\n\t\t\t\t<\/div>\n\t\t\t\t<\/article>\n\t\t\t\t<article class=\"elementor-post elementor-grid-item post-785 post type-post status-publish format-standard has-post-thumbnail hentry category-moda tag-calcados-de-salto tag-dicas-para-escolher tag-elegancia\" role=\"listitem\">\n\t\t\t\t<a class=\"elementor-post__thumbnail__link\" href=\"https:\/\/boutiquerubifenix.com.br\/index.php\/2024\/04\/07\/dicas-para-escolher-calcados-de-salto\/\" tabindex=\"-1\" >\n\t\t\t<div class=\"elementor-post__thumbnail\"><img loading=\"lazy\" decoding=\"async\" width=\"300\" height=\"300\" src=\"https:\/\/boutiquerubifenix.com.br\/wp-content\/uploads\/2024\/04\/3-3-300x300.png\" class=\"attachment-medium size-medium wp-image-791\" alt=\"\" srcset=\"https:\/\/boutiquerubifenix.com.br\/wp-content\/uploads\/2024\/04\/3-3-300x300.png 300w, https:\/\/boutiquerubifenix.com.br\/wp-content\/uploads\/2024\/04\/3-3-150x150.png 150w, https:\/\/boutiquerubifenix.com.br\/wp-content\/uploads\/2024\/04\/3-3-100x100.png 100w, https:\/\/boutiquerubifenix.com.br\/wp-content\/uploads\/2024\/04\/3-3.png 500w\" sizes=\"(max-width: 300px) 100vw, 300px\" \/><\/div>\n\t\t<\/a>\n\t\t\t\t<div class=\"elementor-post__text\">\n\t\t\t\t<h3 class=\"elementor-post__title\">\n\t\t\t<a href=\"https:\/\/boutiquerubifenix.com.br\/index.php\/2024\/04\/07\/dicas-para-escolher-calcados-de-salto\/\" >\n\t\t\t\tDicas para escolher cal\u00e7ados de salto\t\t\t<\/a>\n\t\t<\/h3>\n\t\t\t\t<div class=\"elementor-post__meta-data\">\n\t\t\t\t\t<span class=\"elementor-post-date\">\n\t\t\t7 de abril de 2024\t\t<\/span>\n\t\t\t\t<span class=\"elementor-post-avatar\">\n\t\t\tNenhum coment\u00e1rio\t\t<\/span>\n\t\t\t\t<\/div>\n\t\t\t\t<div class=\"elementor-post__excerpt\">\n\t\t\t<p>Dicas para escolher cal\u00e7ados de salto Os cal\u00e7ados de salto s\u00e3o muito populares entre as mulheres, pois al\u00e9m de conferirem eleg\u00e2ncia, tamb\u00e9m ajudam a alongar<\/p>\n\t\t<\/div>\n\t\t\n\t\t<a class=\"elementor-post__read-more\" href=\"https:\/\/boutiquerubifenix.com.br\/index.php\/2024\/04\/07\/dicas-para-escolher-calcados-de-salto\/\" aria-label=\"Leia mais sobre Dicas para escolher cal\u00e7ados de salto\" tabindex=\"-1\" >\n\t\t\tConsulte Mais informa\u00e7\u00e3o &quot;\t\t<\/a>\n\n\t\t\t\t<\/div>\n\t\t\t\t<\/article>\n\t\t\t\t<article class=\"elementor-post elementor-grid-item post-784 post type-post status-publish format-standard has-post-thumbnail hentry category-beleza tag-sombra-em-po tag-sombra-liquida tag-sombra-para-maquiagem\" role=\"listitem\">\n\t\t\t\t<a class=\"elementor-post__thumbnail__link\" href=\"https:\/\/boutiquerubifenix.com.br\/index.php\/2024\/04\/07\/as-melhores-sombras-para-maquiagem\/\" tabindex=\"-1\" >\n\t\t\t<div class=\"elementor-post__thumbnail\"><img loading=\"lazy\" decoding=\"async\" width=\"300\" height=\"300\" src=\"https:\/\/boutiquerubifenix.com.br\/wp-content\/uploads\/2024\/04\/2-3-300x300.png\" class=\"attachment-medium size-medium wp-image-789\" alt=\"\" srcset=\"https:\/\/boutiquerubifenix.com.br\/wp-content\/uploads\/2024\/04\/2-3-300x300.png 300w, https:\/\/boutiquerubifenix.com.br\/wp-content\/uploads\/2024\/04\/2-3-150x150.png 150w, https:\/\/boutiquerubifenix.com.br\/wp-content\/uploads\/2024\/04\/2-3-100x100.png 100w, https:\/\/boutiquerubifenix.com.br\/wp-content\/uploads\/2024\/04\/2-3.png 500w\" sizes=\"(max-width: 300px) 100vw, 300px\" \/><\/div>\n\t\t<\/a>\n\t\t\t\t<div class=\"elementor-post__text\">\n\t\t\t\t<h3 class=\"elementor-post__title\">\n\t\t\t<a href=\"https:\/\/boutiquerubifenix.com.br\/index.php\/2024\/04\/07\/as-melhores-sombras-para-maquiagem\/\" >\n\t\t\t\tAs melhores sombras para maquiagem\t\t\t<\/a>\n\t\t<\/h3>\n\t\t\t\t<div class=\"elementor-post__meta-data\">\n\t\t\t\t\t<span class=\"elementor-post-date\">\n\t\t\t7 de abril de 2024\t\t<\/span>\n\t\t\t\t<span class=\"elementor-post-avatar\">\n\t\t\tNenhum coment\u00e1rio\t\t<\/span>\n\t\t\t\t<\/div>\n\t\t\t\t<div class=\"elementor-post__excerpt\">\n\t\t\t<p>As melhores sombras para maquiagem A escolha da sombra certa pode fazer toda a diferen\u00e7a na maquiagem. Seja para um look mais natural ou para<\/p>\n\t\t<\/div>\n\t\t\n\t\t<a class=\"elementor-post__read-more\" href=\"https:\/\/boutiquerubifenix.com.br\/index.php\/2024\/04\/07\/as-melhores-sombras-para-maquiagem\/\" aria-label=\"Leia mais sobre As melhores sombras para maquiagem\" tabindex=\"-1\" >\n\t\t\tConsulte Mais informa\u00e7\u00e3o &quot;\t\t<\/a>\n\n\t\t\t\t<\/div>\n\t\t\t\t<\/article>\n\t\t\t\t<\/div>\n\t\t\n\t\t\t\t\t\t<\/div>\n\t\t\t\t<\/div>\n\t\t\t\t\t<\/div>\n\t\t\t\t<\/div>\n\t\t\t\t<\/div>\n\t\t","protected":false},"excerpt":{"rendered":"","protected":false},"author":1,"featured_media":0,"parent":0,"menu_order":0,"comment_status":"closed","ping_status":"closed","template":"","meta":{"footnotes":""},"class_list":["post-5677","page","type-page","status-publish","hentry"],"_links":{"self":[{"href":"https:\/\/boutiquerubifenix.com.br\/index.php\/wp-json\/wp\/v2\/pages\/5677","targetHints":{"allow":["GET"]}}],"collection":[{"href":"https:\/\/boutiquerubifenix.com.br\/index.php\/wp-json\/wp\/v2\/pages"}],"about":[{"href":"https:\/\/boutiquerubifenix.com.br\/index.php\/wp-json\/wp\/v2\/types\/page"}],"author":[{"embeddable":true,"href":"https:\/\/boutiquerubifenix.com.br\/index.php\/wp-json\/wp\/v2\/users\/1"}],"replies":[{"embeddable":true,"href":"https:\/\/boutiquerubifenix.com.br\/index.php\/wp-json\/wp\/v2\/comments?post=5677"}],"version-history":[{"count":4,"href":"https:\/\/boutiquerubifenix.com.br\/index.php\/wp-json\/wp\/v2\/pages\/5677\/revisions"}],"predecessor-version":[{"id":5681,"href":"https:\/\/boutiquerubifenix.com.br\/index.php\/wp-json\/wp\/v2\/pages\/5677\/revisions\/5681"}],"wp:attachment":[{"href":"https:\/\/boutiquerubifenix.com.br\/index.php\/wp-json\/wp\/v2\/media?parent=5677"}],"curies":[{"name":"wp","href":"https:\/\/api.w.org\/{rel}","templated":true}]}}